{"id":2994,"date":"2020-06-22T13:09:48","date_gmt":"2020-06-22T19:09:48","guid":{"rendered":"http:\/\/lloydscorp.com\/?page_id=2994"},"modified":"2020-06-23T13:16:12","modified_gmt":"2020-06-23T19:16:12","slug":"privacy-agreement-lloyds-smart","status":"publish","type":"page","link":"https:\/\/lloydscorp.com\/fr\/privacy-agreement-lloyds-smart\/","title":{"rendered":"Privacy Agreement Lloyds Smart"},"content":{"rendered":"<p class=\"qtranxs-available-languages-message qtranxs-available-languages-message-fr\">D\u00e9sol\u00e9, cet article est seulement disponible en <a href=\"https:\/\/lloydscorp.com\/es\/wp-json\/wp\/v2\/pages\/2994\" class=\"qtranxs-available-language-link qtranxs-available-language-link-es\" title=\"Espa\u00f1ol\">Espa\u00f1ol<\/a> et <a href=\"https:\/\/lloydscorp.com\/en\/wp-json\/wp\/v2\/pages\/2994\" class=\"qtranxs-available-language-link qtranxs-available-language-link-en\" title=\"English\">English<\/a>.<\/p><div class=\"wpb-content-wrapper\"><p>[vc_row][vc_column][vc_column_text]<strong>Pol\u00edtica de privacidad de <\/strong><strong>Zutto Technologies Mobile<\/strong><\/p>\n<p>Fecha de entrada en vigencia: 01 de Junio del 2020<\/p>\n<p>Actualizado: 01 de Junio del 2020<\/p>\n<p>Zutto Technologies Inc.y sus filiales (\u201cnosotros\u201d, \u201cnos\u201d, \u201cnuestro\u201d, \u201cZutto Technologies\u201d) se comprometen a proteger su privacidad. Esta Pol\u00edtica de privacidad (\u201cPol\u00edtica\u201d) describe nuestras pr\u00e1cticas en relaci\u00f3n con la privacidad de la informaci\u00f3n sobre los datos personales que tratamos a trav\u00e9s del uso individual que haga de los siguientes servicios, productos y aplicaciones m\u00f3viles relacionadas (colectivamente, los \u201cProductos\u201d):<\/p>\n<ul>\n<li>Aplicaci\u00f3n m\u00f3vil Lloyds Smart<\/li>\n<\/ul>\n<p>En esta Pol\u00edtica de Privacidad, \u201cDatos personales\u201d hace referencia a la informaci\u00f3n que puede emplearse para identificar a una persona, bien a partir de la propia informaci\u00f3n \u00fanicamente, o a partir de dicha informaci\u00f3n sumada a otra informaci\u00f3n a la que podamos acceder sobre la persona correspondiente. \u201cDispositivos inteligentes\u201d hace referencia a los dispositivos inform\u00e1ticos no est\u00e1ndar producidos o fabricados por fabricantes de <em>hardware<\/em>, que incluyen interfaz hombre-m\u00e1quina y la capacidad de transmitir datos mediante conexi\u00f3n inal\u00e1mbrica a una red. Entre estos dispositivos se incluyen: electrodom\u00e9sticos inteligentes, dispositivos port\u00e1tiles inteligentes, dispositivos de depuraci\u00f3n de aire inteligentes, etc. \u201cAplicaciones\u201d hace referencia a las aplicaciones m\u00f3viles desarrolladas por Zutto Technologies que proporcionan a los usuarios finales control remoto de Dispositivos inteligentes y la capacidad de conectarse con la plataforma IoT de Zutto Technologies.<\/p>\n<p>En el caso de las aplicaciones m\u00f3viles de otras marcas que funcionen con tecnolog\u00eda desarrollada por Zutto Technologies, nuestros Clientes controlan todos los datos personales recopilados a trav\u00e9s de nuestros Productos. Recopilamos la informaci\u00f3n bajo la direcci\u00f3n de nuestros Clientes, y el tratamiento de dicha informaci\u00f3n se limitar\u00e1 al prop\u00f3sito de prestar el servicio para el que nuestros Clientes nos hayan contratado. Si usted es un cliente final de uno de nuestros Clientes y no desea volver a recibir comunicaciones de uno de nuestros Clientes que utilizan nuestro servicio, p\u00f3ngase en contacto con el Cliente con el que interact\u00faa directamente.<\/p>\n<p><strong>Qu\u00e9 datos personales recopilamos<\/strong><\/p>\n<p>Con el prop\u00f3sito de prestar nuestros servicios, solicitamos al usuario que proporcione los datos personales necesarios para brindar estos servicios. Si no facilitara sus datos personales, puede que nos resulte inviable proporcionarle nuestros productos o servicios.<\/p>\n<ol>\n<li><strong>Informaci\u00f3n que nos proporciona voluntariamente<\/strong><\/li>\n<\/ol>\n<ul>\n<li><u>Datos de la cuenta o del perfil<\/u>: Cuando registre una cuenta con nosotros, podemos recopilar su nombre y datos de contacto, como por ejemplo su direcci\u00f3n de correo electr\u00f3nico, n\u00famero de tel\u00e9fono nombre de usuario y credenciales de ingreso. Durante la interacci\u00f3n con nuestros Productos, podemos recopilar informaci\u00f3n adicional sobre su apodo, imagen del perfil, c\u00f3digo de pa\u00eds, preferencia de idioma o zona horaria que haya introducido en su cuenta.<\/li>\n<li><u>Comentarios<\/u>: Cuando utilice las funciones de comentarios y sugerencias en nuestros Productos, recopilaremos su direcci\u00f3n de correo electr\u00f3nico, n\u00famero de tel\u00e9fono m\u00f3vil y el contenido de su comentario para tratar sus problemas y solucionar fallos del dispositivo a tiempo.<\/li>\n<\/ul>\n<ol start=\"2\">\n<li><strong>Informaci\u00f3n que recopilamos autom\u00e1ticamente<\/strong><\/li>\n<\/ol>\n<ul>\n<li><u>Informaci\u00f3n del dispositivo<\/u>: Cuando interact\u00faa con nuestro Producto, recopilamos autom\u00e1ticamente informaci\u00f3n de su dispositivo, como por ejemplo: direcci\u00f3n MAC de sus dispositivos, direcci\u00f3n IP, informaci\u00f3n de la conexi\u00f3n inal\u00e1mbrica, tipo y versi\u00f3n de sistema operativo, n\u00famero de versi\u00f3n de la aplicaci\u00f3n, identificador de notificaci\u00f3n de inserci\u00f3n, archivos de registro e informaci\u00f3n de la red m\u00f3vil.<\/li>\n<li><u>Datos de uso<\/u>: Durante su interacci\u00f3n con nuestros Sitios y Servicios, recopilamos autom\u00e1ticamente datos de uso relacionados con visitas, clics, descargas, mensajes enviados\/recibidos y otros usos de nuestros Sitios y Servicios.<\/li>\n<li><u>Informaci\u00f3n de registro<\/u>: Cuando utilice nuestra aplicaci\u00f3n, es posible que se cargue el sistema y el registro de excepciones.<\/li>\n<li><u>Informaci\u00f3n de la ubicaci\u00f3n<\/u>: Podemos recopilar informaci\u00f3n sobre su ubicaci\u00f3n geogr\u00e1fica, en tiempo real, de forma precisa o imprecisa, cuando utilice nuestros Productos o Servicios espec\u00edficos, Lloyds Smart.<\/li>\n<\/ul>\n<ol start=\"3\">\n<li><strong>Informaci\u00f3n relacionada con Dispositivos inteligentes<\/strong>:<\/li>\n<\/ol>\n<ul>\n<li><u>Informaci\u00f3n b\u00e1sica de Dispositivos inteligentes<\/u>: Cuando conecte sus Dispositivos inteligentes con nuestros Productos o Servicios, podemos recopilar informaci\u00f3n b\u00e1sica sobre sus Dispositivos inteligentes, como por ejemplo: nombre del dispositivo, ID del dispositivo, estado de conexi\u00f3n, hora de activaci\u00f3n, versi\u00f3n del <em>firmware<\/em> e informaci\u00f3n de actualizaci\u00f3n.<\/li>\n<li><u>Informaci\u00f3n comunicada por Dispositivos inteligentes<\/u>: En funci\u00f3n de los diferentes dispositivos inteligentes que decida conectar con nuestros Productos o Servicios, podemos recopilar diversa informaci\u00f3n comunicada directamente por sus dispositivos inteligentes. Por ejemplo, <u>Introduzca por favor informaci\u00f3n sobre el informe del dispositivo inteligente<\/u>.<\/li>\n<\/ul>\n<p><strong>Prop\u00f3sito y base legal para el tratamiento de datos personales<\/strong><\/p>\n<p>A continuaci\u00f3n se describen los prop\u00f3sitos que justifican que podamos tratar informaci\u00f3n sobre el usuario:<\/p>\n<ul>\n<li><u>Prestar servicios al usuario<\/u>: Tratamos datos de su cuenta y perfil, informaci\u00f3n del dispositivo, datos de uso, informaci\u00f3n de ubicaci\u00f3n e informaci\u00f3n relacionada con dispositivos inteligentes para proporcionar al usuario los Productos y Servicios que nos haya solicitado o adquirido. La base legal para este tratamiento consiste en el cumplimiento de nuestro <strong><em>contrato<\/em><\/strong> con el usuario en virtud de los T\u00e9rminos de uso.<\/li>\n<li><u>Mejorar nuestros servicios<\/u>: Tratamos informaci\u00f3n del dispositivo, datos de uso, informaci\u00f3n de ubicaci\u00f3n e informaci\u00f3n relacionada con Dispositivos inteligentes con el prop\u00f3sito de garantizar las funciones y la seguridad de nuestros Productos, desarrollar y mejorar nuestros Productos y Servicios, analizar la eficacia de nuestras operaciones y evitar y realizar el seguimiento de cualquier uso fraudulento o inadecuado. La base legal para este tratamiento consiste en el cumplimiento de nuestro <strong><em>contrato<\/em><\/strong> con el usuario en virtud de los T\u00e9rminos de uso.<\/li>\n<li><u> <\/u><u>Comunicaci\u00f3n no relacionada con actividades de marketing<\/u>: Tratamos sus datos personales para enviarle informaci\u00f3n importante en relaci\u00f3n con los Servicios, cambios en nuestros t\u00e9rminos, condiciones y pol\u00edticas y\/u otra informaci\u00f3n administrativa. No puede optar por no recibir estas comunicaciones, ya que dicha informaci\u00f3n puede ser importante. La base legal para este tratamiento consiste en el cumplimiento de nuestro <strong><em>contrato<\/em><\/strong> con el usuario en virtud de los T\u00e9rminos de uso.<\/li>\n<li><u>Comunicaci\u00f3n de marketing<\/u>: Podemos tratar sus datos personales para proporcionarle material de marketing y promocional sobre nuestros Productos y Servicios. En tal caso, cada comunicaci\u00f3n que le enviemos incluir\u00e1 instrucciones que permiten optar por no recibir futuras comunicaciones de dicha naturaleza. La base legal para este tratamiento consiste en su <strong><em>consentimiento<\/em><\/strong>. Adicionalmente, si acepta participar en nuestra loter\u00eda, concurso u otras promociones, podemos utilizar sus datos personales para gestionar esas actividades.<\/li>\n<li><u>Personalizaci\u00f3n<\/u>: Podemos tratar los datos de su cuenta y perfil, datos de uso e informaci\u00f3n del dispositivo para personalizar el dise\u00f1o del producto y prestarle servicios adaptados a sus necesidades, como por ejemplo recomendar y mostrar informaci\u00f3n y anuncios sobre productos id\u00f3neos para sus necesidades e invitarle a participar en encuestas relacionadas con el uso que haga de nuestros productos. La base legal para este tratamiento consiste en su <strong><em>consentimiento<\/em><\/strong>.<\/li>\n<li><u>Conformidad legal<\/u>: Podemos tratar sus datos personales seg\u00fan lo consideremos necesario o adecuado para: (a) cumplir la legislaci\u00f3n y normativas vigentes; (b) cumplir el proceso legal; (c) responder a solicitudes de autoridades p\u00fablicas y gubernamentales; (d) hacer cumplir nuestros t\u00e9rminos y condiciones; (e) proteger nuestras operaciones, negocios y sistemas; (f) proteger nuestros derechos, privacidad, seguridad o propiedad y\/o los de otros usuarios, incluido usted; y (g) permitirnos aplicar las medidas de reparaci\u00f3n disponibles o limitar los da\u00f1os que podamos sufrir.<\/li>\n<\/ul>\n<p><strong>\u00bfCon qui\u00e9n compartimos los datos personales?<\/strong><\/p>\n<p>En Zutto Technologies, \u00fanicamente compartimos los datos personales seg\u00fan lo que se describe al usuario. Podemos compartir sus datos personales con los siguientes destinatarios:<\/p>\n<ul>\n<li>Nuestros proveedores de servicios externos que realizan para nosotros funciones espec\u00edficas relacionadas con la actividad empresarial, como por ejemplo alojamiento de sitios web, an\u00e1lisis de datos, procesamiento de pagos y tarjetas de cr\u00e9dito, provisi\u00f3n de infraestructura, servicios de TI, servicio de atenci\u00f3n al cliente, servicios de entrega de correo electr\u00f3nico y otros servicios similares que les permitan prestarnos servicios.<\/li>\n<li>Nuestros clientes y otros socios de negocio que le proporcionen, directa e indirectamente, sus dispositivos inteligentes, y\/o redes y sistemas a trav\u00e9s de los cuales accede y utiliza nuestros Sitios y Servicios.<\/li>\n<li>Una filial u otro tercero en caso de que se produzca cualquier reorganizaci\u00f3n, fusi\u00f3n, venta, empresa conjunta, asignaci\u00f3n, transferencia u otra disposici\u00f3n de la totalidad o parte de nuestro negocio, activos o acciones (que incluye, sin limitaci\u00f3n, todo lo relacionado con cualquier quiebra u otros procedimientos similares). En tal caso, recibir\u00e1 una notificaci\u00f3n por correo electr\u00f3nico y\/o se publicar\u00e1 un aviso destacado en nuestro sitio web acerca de cualquier cambio en la propiedad, nuevos usos incompatibles de sus datos personales y decisiones que puede adoptar en relaci\u00f3n con sus datos personales.<\/li>\n<li>Seg\u00fan consideremos necesario o adecuado para: (a) cumplir la legislaci\u00f3n y normativas vigentes; (b) cumplir el proceso legal; (c) responder a solicitudes de autoridades p\u00fablicas y gubernamentales, incluyendo autoridades p\u00fablicas y gubernamentales fuera de su pa\u00eds de residencia; (d) hacer cumplir nuestros t\u00e9rminos y condiciones; (e) proteger nuestras operaciones, negocios y sistemas; (f) proteger nuestros derechos, privacidad, seguridad o propiedad y\/o los de otros usuarios, incluido usted; y (g) permitirnos aplicar las medidas de reparaci\u00f3n disponibles o limitar los da\u00f1os que podamos sufrir.<\/li>\n<li>Filiales o subsidiarias dentro de nuestra familia corporativa, con el prop\u00f3sito de realizar actividades empresariales ordinarias.<\/li>\n<\/ul>\n<p>Con la excepci\u00f3n de los terceros que se describen anteriormente, a otros terceros exclusivamente con su consentimiento.<\/p>\n<p><strong>Transferencia internacional de la informaci\u00f3n recopilada<\/strong><\/p>\n<p>Para facilitar nuestras operaciones, podemos transferir, almacenar y tratar sus datos personales en jurisdicciones distintas de la que habita. Las leyes en estos pa\u00edses pueden ser diferentes de las leyes aplicables en su pa\u00eds de residencia.<\/p>\n<p><strong>Sus derechos en relaci\u00f3n con sus datos personales<\/strong><\/p>\n<p>Respetamos sus derechos y control sobre sus datos personales. Puede ejercer cualquiera de los siguientes derechos:<\/p>\n<p>A trav\u00e9s de la secci\u00f3n \u201cProfile \u2013 Personal Center\u201d<\/p>\n<p>No se requiere el pago de ninguna tarifa y nos fijamos como objetivo responder en el plazo de 30 d\u00edas. Si decide enviarnos un correo electr\u00f3nico, en su solicitud aclare qu\u00e9 informaci\u00f3n desea que se modifique, si desea que se eliminen sus datos personales de nuestra base de datos, o inf\u00f3rmenos acerca de las limitaciones desea imponer sobre el uso que hagamos de sus datos personales. Tenga en cuenta que por motivos de seguridad, podemos solicitarle que verifique su identidad antes de adoptar cualquier acci\u00f3n que solicite.<\/p>\n<p>Usted puede:<\/p>\n<ul>\n<li>Solicitar el acceso a los datos personales que tratemos sobre usted,<\/li>\n<li>Solicitar que corrijamos los datos personales incorrectos o incompletos sobre usted,<\/li>\n<li>Solicitar la eliminaci\u00f3n de datos personales sobre usted,<\/li>\n<li>Solicitar restricciones, de forma temporal o permanente, sobre el tratamiento que hagamos de algunos o de todos sus datos personales,<\/li>\n<li>Solicitar la transferencia de sus datos personales a usted o a un tercero cuando tratemos los datos en virtud de su consentimiento o de un contrato suscrito con usted, y cuando nuestro tratamiento sea automatizado, y<\/li>\n<li>Optar por no participar u oponerse a nuestro uso de datos personales sobre usted cuando nuestro uso se base en su consentimiento o en nuestros intereses leg\u00edtimos.<\/li>\n<\/ul>\n<p><strong>Seguridad<\/strong><\/p>\n<p>Utilizamos protecciones f\u00edsicas, administrativas y t\u00e9cnicas comercialmente razonables para proteger la integridad y seguridad de sus datos personales. Zutto Technologies aplica diversas estrategias de seguridad para garantizar de forma eficaz la seguridad de los datos del usuario y del dispositivo. En lo que respecta al acceso del dispositivo, se emplean algoritmos propietarios de Zutto Technologies para garantizar el aislamiento de los datos, la autenticaci\u00f3n del acceso y la solicitud de autorizaci\u00f3n. En lo que respecta a la comunicaci\u00f3n de datos, se emplea comunicaci\u00f3n que aplica algoritmos de seguridad y protocolos de cifrado de las transmisiones, y transmisi\u00f3n con cifrado de informaci\u00f3n con calidad comercial basado en claves din\u00e1micas. En lo que respecta al procesamiento de datos, se aplica filtrado estricto y validaci\u00f3n de los datos y auditor\u00eda completa de los datos. En lo que respecta al almacenamiento de los datos, toda la informaci\u00f3n confidencial de los usuarios se cifrar\u00e1 de forma segura para su almacenamiento. Si tiene alg\u00fan motivo para considerar que su interacci\u00f3n con nosotros ya no es segura (por ejemplo, si siente que la seguridad de cualquier cuenta que pueda mantener con nosotros se ha visto comprometida), debe notificarnos inmediatamente el problema a trav\u00e9s de la direcci\u00f3n de correo electr\u00f3nico privacidad@lloydselectronica.com.<\/p>\n<p><strong>Retenci\u00f3n de datos<\/strong><\/p>\n<p>Tratamos sus datos personales durante el periodo m\u00ednimo necesario para los prop\u00f3sitos que se estipulan en esta Pol\u00edtica de privacidad, a menos que exista un requisito legal espec\u00edfico que nos obligue a mantener los datos durante un periodo de retenci\u00f3n m\u00e1s prolongado. Determinamos el periodo de retenci\u00f3n correspondiente en funci\u00f3n de la cantidad, naturaleza y sensibilidad de sus datos personales, y cuando finalice el periodo de retenci\u00f3n, eliminaremos sus datos personales. Cuando no podamos hacerlo por motivos t\u00e9cnicos, garantizaremos que se apliquen las medidas adecuadas para evitar cualquier uso futuro de sus datos personales.<\/p>\n<p><strong>Cambios en esta Pol\u00edtica de privacidad<\/strong><\/p>\n<p>Podemos actualizar esta Pol\u00edtica de privacidad para reflejar cambios que implementemos en nuestras pr\u00e1cticas relacionadas con la informaci\u00f3n. Si realiz\u00e1ramos cualquier cambio material, le informaremos a trav\u00e9s del env\u00edo de una notificaci\u00f3n por correo electr\u00f3nico (a la direcci\u00f3n de correo electr\u00f3nico especificada en su cuenta) o a trav\u00e9s de un aviso en las aplicaciones m\u00f3viles antes de la entrada en vigor del cambio. Se recomienda consultar peri\u00f3dicamente esta p\u00e1gina para conocer la informaci\u00f3n m\u00e1s actualizada sobre nuestras pr\u00e1cticas de privacidad.<\/p>\n<p><strong>Comun\u00edquese con nosotros<\/strong><\/p>\n<p>Si tiene cualquier pregunta acerca de nuestras pr\u00e1cticas o sobre esta Pol\u00edtica de privacidad, p\u00f3ngase en contacto con nosotros a trav\u00e9s de la direcci\u00f3n:<\/p>\n<p>Zutto Technologies S.A. de C.V.<\/p>\n<p>Direcci\u00f3n de correo postal: Av. Ej\u00e9rcito Nacional 505-1602 Col. Granada, C.P. 11520, Miguel Hidalgo, CDMX, M\u00e9xico<\/p>\n<p>Correo electr\u00f3nico: contacto@lloydselectronica.com<\/p>\n<p>&nbsp;<\/p>\n<p>[\/vc_column_text][\/vc_column][\/vc_row]<\/p>\n<\/div>","protected":false},"excerpt":{"rendered":"<p>D\u00e9sol\u00e9, cet article est seulement disponible en Espa\u00f1ol et English.[vc_row][vc_column][vc_column_text]Pol\u00edtica de privacidad de Zutto Technologies Mobile Fecha de entrada en vigencia: 01 de Junio del 2020 Actualizado: 01 de Junio del 2020 Zutto Technologies Inc.y sus filiales (\u201cnosotros\u201d, \u201cnos\u201d, \u201cnuestro\u201d, \u201cZutto Technologies\u201d) se comprometen a proteger su privacidad. Esta Pol\u00edtica de privacidad (\u201cPol\u00edtica\u201d) describe nuestras [&hellip;]<\/p>\n","protected":false},"author":1,"featured_media":0,"parent":0,"menu_order":0,"comment_status":"closed","ping_status":"closed","template":"","meta":{"_glsr_average":0,"_glsr_ranking":0,"_glsr_reviews":0,"footnotes":""},"class_list":["post-2994","page","type-page","status-publish","hentry","singlePost singleLargePost"],"_links":{"self":[{"href":"https:\/\/lloydscorp.com\/fr\/wp-json\/wp\/v2\/pages\/2994","targetHints":{"allow":["GET"]}}],"collection":[{"href":"https:\/\/lloydscorp.com\/fr\/wp-json\/wp\/v2\/pages"}],"about":[{"href":"https:\/\/lloydscorp.com\/fr\/wp-json\/wp\/v2\/types\/page"}],"author":[{"embeddable":true,"href":"https:\/\/lloydscorp.com\/fr\/wp-json\/wp\/v2\/users\/1"}],"replies":[{"embeddable":true,"href":"https:\/\/lloydscorp.com\/fr\/wp-json\/wp\/v2\/comments?post=2994"}],"version-history":[{"count":4,"href":"https:\/\/lloydscorp.com\/fr\/wp-json\/wp\/v2\/pages\/2994\/revisions"}],"predecessor-version":[{"id":3004,"href":"https:\/\/lloydscorp.com\/fr\/wp-json\/wp\/v2\/pages\/2994\/revisions\/3004"}],"wp:attachment":[{"href":"https:\/\/lloydscorp.com\/fr\/wp-json\/wp\/v2\/media?parent=2994"}],"curies":[{"name":"wp","href":"https:\/\/api.w.org\/{rel}","templated":true}]}}