{"id":2997,"date":"2020-06-22T15:23:41","date_gmt":"2020-06-22T21:23:41","guid":{"rendered":"http:\/\/lloydscorp.com\/?page_id=2997"},"modified":"2020-06-23T13:12:31","modified_gmt":"2020-06-23T19:12:31","slug":"terms-of-service-lloyds-smart","status":"publish","type":"page","link":"https:\/\/lloydscorp.com\/fr\/terms-of-service-lloyds-smart\/","title":{"rendered":"Terms of Service Lloyds Smart"},"content":{"rendered":"<p class=\"qtranxs-available-languages-message qtranxs-available-languages-message-fr\">D\u00e9sol\u00e9, cet article est seulement disponible en <a href=\"https:\/\/lloydscorp.com\/es\/wp-json\/wp\/v2\/pages\/2997\" class=\"qtranxs-available-language-link qtranxs-available-language-link-es\" title=\"Espa\u00f1ol\">Espa\u00f1ol<\/a> et <a href=\"https:\/\/lloydscorp.com\/en\/wp-json\/wp\/v2\/pages\/2997\" class=\"qtranxs-available-language-link qtranxs-available-language-link-en\" title=\"English\">English<\/a>.<\/p><div class=\"wpb-content-wrapper\"><p>[vc_row][vc_column][vc_column_text]<strong>Acuerdo de servicio de la <\/strong><strong><u>Zutto Technologies<\/u><\/strong><\/p>\n<p>Le damos la bienvenida a la Zutto Technologies.<\/p>\n<p><strong>Antes de aceptar el Acuerdo, se asume que ha le\u00eddo detenidamente todos los contenidos del Acuerdo y que conoce plenamente sus t\u00e9rminos, especialmente las cl\u00e1usulas restrictivas o excepciones. Las cl\u00e1usulas restrictivas o excepciones se indican en negrita o aparecen destacadas de otra manera para captar su atenci\u00f3n. En caso de duda con respecto a los t\u00e9rminos del Acuerdo, p\u00f3ngase en contacto con el departamento de negocio correspondiente de <\/strong><strong>Zutto Technologies. No se permite utilizar el servicio antes de haber le\u00eddo y aceptado todos los t\u00e9rminos del Acuerdo, acuerdos y normas relevantes, etc. Una vez que seleccione &#8220;agree and submit the Agreement&#8221; (aceptar y enviar el Acuerdo) (consulte la p\u00e1gina de registro para obtener la redacci\u00f3n detallada) y complete el procedimiento de registro, o utilice el servicio de cualquier manera, se considerar\u00e1 que ha le\u00eddo y aceptado las restricciones del Acuerdo y las normas descritas anteriormente. En caso de incumplimiento del Acuerdo, Zutto Technologies ostenta el derecho de restringir, suspender o cancelar unilateralmente el servicio para el usuario, y podr\u00e1 ejercer el derecho de investigar sus responsabilidades relevantes.<\/strong><\/p>\n<p>Las partes que firman y suscriben el Acuerdo de servicio (en lo sucesivo denominado como &#8220;el Acuerdo&#8221;) son usted y Zutto Technologies (en lo sucesivo denominada como &#8220;Zutto Technologies&#8221;). El Acuerdo incluye (aunque sin limitaci\u00f3n), la Pol\u00edtica de privacidad de la Zutto Technologies y otros contenidos. En caso de cambio, Zutto Technologies anunciar\u00e1 dicho cambio en su sitio web oficial sin necesidad de enviar una nueva notificaci\u00f3n. Despu\u00e9s del anuncio, el acuerdo y las normas modificados formar\u00e1n parte del Acuerdo autom\u00e1ticamente, sin necesidad de que reciba una nueva notificaci\u00f3n para obtener su consentimiento. En caso de objeci\u00f3n a estos cambios relevantes, interrumpa el uso del servicio de Zutto Technologies; si mantiene el uso, se considerar\u00e1 que no tiene ninguna objeci\u00f3n con respecto a las normas modificadas y que las acata.<\/p>\n<ol>\n<li>Definiciones de t\u00e9rminos<\/li>\n<\/ol>\n<p>1.1 Software bajo licencia hace referencia al sistema de software desarrollado por Zutto Technologies, descargado desde la plataforma e instalado y aplicado en terminales m\u00f3viles con el sistema especificado.<\/p>\n<p>1.2 Servicios hace referencia a los servicios que Zutto Technologies presta al usuario. El usuario puede utilizar estos servicios en el terminal m\u00f3vil con el software bajo licencia.<\/p>\n<ol>\n<li>Servicio<\/li>\n<\/ol>\n<p>2.1 Zutto Technologies ofrece servicios de gesti\u00f3n de equipos inteligentes, que permiten acceder al terminal inteligente en la Zutto Technologies y la plataforma inteligente de sus proveedores a trav\u00e9s de Zutto Technologies Control y realizar la interconexi\u00f3n entre equipos inteligentes. Los contenidos del Servicio incluyen gesti\u00f3n de equipos inteligentes, interconexi\u00f3n de \u00e1mbitos e informes de an\u00e1lisis, etc. Estas funciones pueden optimizarse o modificarse de acuerdo con los cambios en los requisitos de los usuarios o de acuerdo con el criterio del proveedor de servicio, y el suministro del servicio puede suspenderse debido a tareas de mantenimiento programadas o no programadas.<\/p>\n<p>III. \u00c1mbito del servicio<\/p>\n<p>3.1 Zutto Technologies concede al usuario el derecho de uso del producto basado en este software.<\/p>\n<p>3.2 Se proh\u00edbe al usuario conceder una licencia, vender, alquilar, transferir, publicar el producto de cualquier forma o utilizar el producto para otro prop\u00f3sito comercial. 3.2 Debido a las limitaciones de la plataforma de adaptaci\u00f3n del software y de los terminales, solo puede utilizar el software bajo licencia en la plataforma del sistema autorizada y en el terminal autorizado; si instala el software bajo licencia en otro equipo terminal, el funcionamiento de su hardware o software puede deteriorarse.<\/p>\n<p>3.3 El usuario acepta que el software bajo licencia solo puede utilizarse para fines no comerciales, y se proh\u00edbe la instalaci\u00f3n, aplicaci\u00f3n y ejecuci\u00f3n del software bajo licencia. Si dicho funcionamiento comercial resultara necesario, debe obtenerse la autorizaci\u00f3n previa por escrito de Zutto Technologies.<\/p>\n<p>3.4 Zutto Technologies puede modificar, actualizar o transferir el software bajo licencia o funciones relevantes del mismo peri\u00f3dicamente, y puede a\u00f1adir nuevas funciones o servicios al sistema de software bajo licencia. Si ning\u00fan acuerdo independiente acompa\u00f1ara a las funciones o servicios mencionados anteriormente, el usuario tendr\u00e1 derecho a las funciones y servicios correspondientes, que tambi\u00e9n estar\u00e1n sujetos al Acuerdo.<\/p>\n<p>3.5 El usuario es responsable de la exactitud, fiabilidad, integridad y legalidad de los datos introducidos y de la legalidad de la forma de obtenci\u00f3n de los datos, y realizar\u00e1 copias de seguridad peri\u00f3dicas de los datos y la informaci\u00f3n. El usuario asumir\u00e1 todos los riesgos relacionados con los da\u00f1os y la p\u00e9rdida de dicha informaci\u00f3n.<\/p>\n<p>3.6 El usuario debe proteger debidamente su n\u00famero de cuenta y contrase\u00f1a. Si ocurriera alguna brecha de seguridad en relaci\u00f3n con su cuenta (incluyendo, aunque sin limitaci\u00f3n, la divulgaci\u00f3n de la contrase\u00f1a de usuario), deber\u00e1 notificar el problema a Zutto Technologies inmediatamente, y Zutto Technologies prestar\u00e1 asistencia al usuario para adoptar las medidas correspondientes. En caso contrario, el usuario asumir\u00e1 todos los comportamientos y todas las responsabilidades relacionados con su cuenta.**<\/p>\n<ol>\n<li>Un tercero<\/li>\n<\/ol>\n<p>4.1 El usuario acepta que parte del servicio de Zutto Technologies se base en software o servicios proporcionados por un tercero, con el prop\u00f3sito de facilitar su aplicaci\u00f3n. Zutto Technologies dispone de la autorizaci\u00f3n legal necesaria del tercero.<\/p>\n<p>4.2 El producto incluye informaci\u00f3n y servicios concretos del tercero. Zutto Technologies no controla ni asume la responsabilidad con respecto a la informaci\u00f3n y servicios del tercero.<\/p>\n<p>4.3 El usuario acepta que Zutto Technologies no puede garantizar que el software bajo licencia utilice o incluya siempre dichos servicios, o que se utilice en el futuro otro software proporcionado por el mismo tercero. Asimismo, puede utilizar servicios similares suministrados por otro tercero. Tras su aplicaci\u00f3n, el software o los servicios correspondientes mencionados est\u00e1n sujetos a este Acuerdo.<\/p>\n<ol>\n<li>Norma de aplicaci\u00f3n del servicio<\/li>\n<\/ol>\n<p>5.1 <strong>El usuario debe utilizar el software bajo licencia de forma normal. Las siguientes formas de uso incumplen la norma de aplicaci\u00f3n:<\/strong><\/p>\n<p>1) Propagar o compartir virus inform\u00e1ticos, gusanos, c\u00f3digos maliciosos o software que da\u00f1e o cambie deliberadamente el sistema o los datos inform\u00e1ticos.<\/p>\n<p>2) Recopilar informaci\u00f3n o datos de otros usuarios sin autorizaci\u00f3n, por ejemplo, direcci\u00f3n de correo electr\u00f3nico e informaci\u00f3n similar.<\/p>\n<p>3) Utilizar maliciosamente el producto de una forma automatizada que provoque sobrecarga en el servidor o interfiera o cause otros da\u00f1os en el servidor web y los enlaces de red.<\/p>\n<p>4) Tratar de visitar datos del servidor o datos de comunicaci\u00f3n del producto sin autorizaci\u00f3n.<\/p>\n<p>5) Interferir o causar da\u00f1os en la aplicaci\u00f3n de producci\u00f3n de otros usuarios.<\/p>\n<p>5.2 El usuario comprende y acepta que:<\/p>\n<p>1) Zutto Technologies determinar\u00e1 si el usuario est\u00e1 involucrado en violaciones de la norma de aplicaci\u00f3n mencionadas anteriormente, y suspender\u00e1 o cancelar\u00e1 su licencia de aplicaci\u00f3n de acuerdo con los resultados de su resoluci\u00f3n o adoptar\u00e1 otras restricciones en virtud de los acuerdos aplicables.<\/p>\n<p>2) Zutto Technologies eliminar\u00e1 directamente la informaci\u00f3n emitida por el usuario durante el uso del software bajo licencia que incumpla la legislaci\u00f3n, infrinja otros derechos legales o incumpla el Acuerdo.<\/p>\n<p>3) Si un tercero sufriera da\u00f1os derivados del incumplimiento por parte del usuario de las normas de aplicaci\u00f3n, el usuario asumir\u00e1 de forma independiente la responsabilidad legal en su nombre y proteger\u00e1 e indemnizar\u00e1 a Zutto Technologies frente a p\u00e9rdidas o gastos adicionales derivados del mismo. En caso contrario, Zutto Technologies ostenta el derecho de reclamar la indemnizaci\u00f3n correspondiente.<\/p>\n<p>4) Si Zutto Technologies sufriera cualquier p\u00e9rdida debido al incumplimiento de la legislaci\u00f3n o del Acuerdo por parte del usuario, el usuario indemnizar\u00e1 a Zutto Technologies con respecto a las p\u00e9rdidas y\/o gastos que se deriven.<\/p>\n<ol>\n<li>Norma sobre el contenido de la informaci\u00f3n<\/li>\n<\/ol>\n<p>6.1 El usuario se compromete a no realizar ning\u00fan acto que incumpla la legislaci\u00f3n y a no cometer comportamientos inadecuados mediante el uso del servicio. Estos actos y comportamientos incluyen, aunque sin limitaci\u00f3n:<\/p>\n<p>6.1.1 Cargar, transferir o compartir informaci\u00f3n que incluya alguno de los contenidos que se describen a continuaci\u00f3n; contenidos que:<\/p>\n<p>1) Infrinjan los principios fundamentales estipulados en la Constituci\u00f3n.<\/p>\n<p>2) Pongan en peligro la seguridad del estado, revelen secretos de estado, socaven el poder del estado y pongan en peligro la unidad del estado.<\/p>\n<p>3) Perjudiquen el honor y el beneficio del estado.<\/p>\n<p>4) Inciten odio y discriminaci\u00f3n nacional y pongan en peligro la unidad del estado.<\/p>\n<p>5) Rompan la pol\u00edtica religiosa del estado y promuevan la herej\u00eda y la superstici\u00f3n feudal.<\/p>\n<p>6) Propaguen rumores, perturben el orden social y rompan la estabilidad social.<\/p>\n<p>7) Fomenten obscenidad, pornograf\u00eda, juego, violencia, asesinato y terror o instiguen un crimen.<\/p>\n<p>8) Insulten o calumnien a otras personas o infrinjan los derechos legales e intereses de otras personas.<\/p>\n<p>9) Incluyan contenidos falsos, fraudulentos, amenazantes, que vulneren la privacidad de otras personas, acosadores, delictivos, difamatorios, indecentes o moralmente repulsivos.<\/p>\n<p>10) Incluyan otros contenidos restringidos o prohibidos en virtud de la legislaci\u00f3n, normativas, c\u00f3digos, disposiciones y otras normas legales vigentes.<\/p>\n<p>VII. Pol\u00edtica de privacidad y datos<\/p>\n<p>7.1 Zutto Technologies concede la m\u00e1xima prioridad a la protecci\u00f3n de su informaci\u00f3n personal. Zutto Technologies ha elaborado la Pol\u00edtica de privacidad de la Zutto Technologies, en la que se incluyen contenidos relacionados con la titularidad y la protecci\u00f3n de la propiedad intelectual, as\u00ed como con la recopilaci\u00f3n, uso, divulgaci\u00f3n, almacenamiento y protecci\u00f3n, etc. de su informaci\u00f3n. Se recomienda leer detenidamente la Pol\u00edtica de privacidad de la Zutto Technologies.<\/p>\n<p>VIII. Cl\u00e1usulas de excepci\u00f3n<\/p>\n<p><strong>8.1 A menos que se especifique de otra manera en la legislaci\u00f3n y normativas, <\/strong><strong>Zutto Technologies dedicar\u00e1 sus mejores esfuerzos para asegurar la protecci\u00f3n, validez, exactitud y fiabilidad del software bajo licencia y las tecnolog\u00edas e informaci\u00f3n relacionadas; no obstante, Zutto Technologies no puede garantizarlas plenamente debido a las limitaciones de las tecnolog\u00edas disponibles actualmente.<\/strong><\/p>\n<p><strong>8.2 El usuario acepta que <\/strong><strong>Zutto Technologies no asumir\u00e1 ninguna responsabilidad en relaci\u00f3n con p\u00e9rdidas directas o indirectas derivadas de situaciones de causa mayor y del incumplimiento de un tercero.<\/strong><\/p>\n<p><strong>8.3 El usuario asumir\u00e1 la responsabilidad de las lesiones personales o lesiones incidentales o indirectas que se deriven o guarden relaci\u00f3n con cualquiera de los siguientes incidentes: 1) Un tercero utiliza el software bajo licencia o cambia sus datos sin permiso; 2) Gastos y p\u00e9rdidas derivados del uso del software bajo licencia; 3) Error de comprensi\u00f3n del software bajo licencia por parte del usuario; 4) Otras p\u00e9rdidas relacionadas con el software bajo licencia que se deriven de motivos no atribuibles a <\/strong><strong>Zutto Technologies.<\/strong><\/p>\n<p><strong>8.4 Cualquier otro software obtenido a partir del software bajo licencia que no haya sido desarrollado y publicado por <\/strong><strong>Zutto Technologies o el desarrollo y publicaci\u00f3n de software no autorizado por Zutto Technologies reciben la consideraci\u00f3n de software ilegal. La descarga, instalaci\u00f3n y uso de este tipo de software puede provocar riesgos impredecibles. Zutto Technologies estar\u00e1 exonerada de las responsabilidades legales y litigios que se deriven de estas actividades y Zutto Technologies ostentar\u00e1 el derecho a suspender o cancelar la licencia de aplicaci\u00f3n y\/o todos los servicios restantes.<\/strong><\/p>\n<p><strong>8.5 El usuario ha sido informado de que el uso de la <\/strong><strong>Zutto Technologies y la plataforma inteligente de sus proveedores implica el servicio de Internet, que puede verse afectado por factores inestables en todos los enlaces de comunicaci\u00f3n. A pesar de que Zutto Technologies ha adoptado medidas de protecci\u00f3n, el servicio puede suspenderse, cancelarse, retrasarse, experimentar restricciones de aplicaci\u00f3n o fallos de aplicaci\u00f3n derivados de defectos inherentes a Internet y las comunicaciones electr\u00f3nicas, as\u00ed como de factores que est\u00e9n fuera del control razonable de cualquier parte vinculada al Acuerdo (incluyendo, aunque sin limitaci\u00f3n, incendio, inundaci\u00f3n, ataque terrorista, plaga, desastres naturales, disturbio, virus terminal, ataque de hacker, fallo de red y fallo terminal). Por la presente, el usuario acepta asumir los riesgos indicados anteriormente y reconoce que Zutto Technologies estar\u00e1 exonerada de cualquier responsabilidad cuando el funcionamiento normal de los servicios se vea afectado por los riesgos indicados anteriormente.<\/strong><\/p>\n<ol>\n<li>Cancelaci\u00f3n del Acuerdo e incumplimiento del Acuerdo<\/li>\n<\/ol>\n<p>9.1 El usuario debe comprender que utilizar\u00e1 el software bajo licencia de conformidad con el \u00e1mbito de autorizaci\u00f3n, respetar\u00e1 la propiedad intelectual del software y los contenidos que se incluyen en el software y desempe\u00f1ar\u00e1 sus obligaciones de conformidad con el Acuerdo cuando utilice los servicios de Zutto Technologies. Zutto Technologies cancelar\u00e1 la licencia de aplicaci\u00f3n si el usuario incurre en un incumplimiento material del Acuerdo.<\/p>\n<p>9.2 La aplicaci\u00f3n que haga del software se basa en servicios de soporte suministrados por empresas relacionadas con Zutto Technologies. El incumplimiento por parte del usuario de t\u00e9rminos, acuerdos, normas, notificaciones y otras normativas relevantes de Zutto Technologies y de sus empresas relacionadas puede provocar un incumplimiento del uso normal del software bajo licencia; en tal caso, Zutto Technologies podr\u00e1 ejercer su derecho a cancelar la licencia de aplicaci\u00f3n, o adoptar medidas para restringir su licencia de aplicaci\u00f3n u otros derechos e intereses controlados por Zutto Technologies que se estipulen en el Acuerdo, incluyendo la suspensi\u00f3n o cancelaci\u00f3n de su licencia de aplicaci\u00f3n.<\/p>\n<p>9.3 En caso de incumplimiento por parte del usuario del Acuerdo o de otros acuerdos firmados con Zutto Technologies, Zutto Technologies tendr\u00e1 derecho a informar a las empresas relacionadas para requerir que adopten medidas restrictivas con respecto a sus derechos e intereses, incluyendo la solicitud a las empresas correspondiente para que suspendan o cancelen total o parcialmente los servicios que proporcionen al usuario, y anuncien su incumplimiento del acuerdo en los sitios web que estas empresas exploten o controlen de forma efectiva.<\/p>\n<p>9.4 El software bajo licencia se descarga desde la plataforma de descarga y el usuario deber\u00e1 acatar las disposiciones de la plataforma de descarga, de la plataforma del sistema y del fabricante del terminal en relaci\u00f3n con las alternativas de aplicaci\u00f3n y las restricciones del software bajo licencia. Si el tercero mencionado anteriormente confirmara que el usuario ha incumplido o incumple el Acuerdo y se requiriera la intervenci\u00f3n de Zutto Technologies, Zutto Technologies podr\u00e1 cancelar su licencia de aplicaci\u00f3n a petici\u00f3n del tercero.<\/p>\n<p>9.5 En caso de cancelaci\u00f3n de la licencia de aplicaci\u00f3n, el usuario deber\u00e1 interrumpir el uso del software bajo licencia y destruir todas las copias.<\/p>\n<p>9.6 El usuario debe asumir todas las responsabilidades de indemnizaci\u00f3n si Zutto Technologies y otros usuarios sufren p\u00e9rdidas derivadas de su incumplimiento de los t\u00e9rminos que se estipulan en el Acuerdo.<\/p>\n<ol>\n<li>Legislaci\u00f3n vigente y divisibilidad<\/li>\n<\/ol>\n<p>10.1 La vigencia, interpretaci\u00f3n, modificaci\u00f3n, ejecuci\u00f3n y resoluci\u00f3n de litigios del Acuerdo est\u00e1n sometidas a la legislaci\u00f3n de la Rep\u00fablica Popular China. Si no existiera ninguna legislaci\u00f3n y normativa disponible, se har\u00e1 referencia a las pr\u00e1cticas empresariales internacionales y\/o a las pr\u00e1cticas industriales.<\/p>\n<p>10.2 El usuario y Zutto Technologies pueden resolver los litigios que se deriven del Acuerdo o que guarden relaci\u00f3n con el Acuerdo a trav\u00e9s de una negociaci\u00f3n amistosa o presentarse ante el arbitraje del Tribunal del Pueblo del Av. Ej\u00e9rcito Nacional 505-1602 Col. Granada, C.P. 11520, Miguel Hidalgo, CDMX, M\u00e9xico, donde se suscribe el Acuerdo.<\/p>\n<p>10.3 Cuando el Tribunal del Pueblo decida que cualquier t\u00e9rmino del Acuerdo no es v\u00e1lido, esta decisi\u00f3n no influir\u00e1 en la vigencia de otros t\u00e9rminos o de cualquier parte de los mismos, y el usuario y Zutto Technologies cumplir\u00e1n los t\u00e9rminos v\u00e1lidos de buena fe.<\/p>\n<p>10.4 El Acuerdo se firma en el Av. Ej\u00e9rcito Nacional 505-1602 Col. Granada, C.P. 11520, Miguel Hidalgo, CDMX, M\u00e9xico.<\/p>\n<p>[\/vc_column_text][\/vc_column][\/vc_row]<\/p>\n<\/div>","protected":false},"excerpt":{"rendered":"<p>D\u00e9sol\u00e9, cet article est seulement disponible en Espa\u00f1ol et English.[vc_row][vc_column][vc_column_text]Acuerdo de servicio de la Zutto Technologies Le damos la bienvenida a la Zutto Technologies. Antes de aceptar el Acuerdo, se asume que ha le\u00eddo detenidamente todos los contenidos del Acuerdo y que conoce plenamente sus t\u00e9rminos, especialmente las cl\u00e1usulas restrictivas o excepciones. Las cl\u00e1usulas restrictivas [&hellip;]<\/p>\n","protected":false},"author":1,"featured_media":0,"parent":0,"menu_order":0,"comment_status":"closed","ping_status":"closed","template":"","meta":{"_glsr_average":0,"_glsr_ranking":0,"_glsr_reviews":0,"footnotes":""},"class_list":["post-2997","page","type-page","status-publish","hentry","singlePost singleLargePost"],"_links":{"self":[{"href":"https:\/\/lloydscorp.com\/fr\/wp-json\/wp\/v2\/pages\/2997","targetHints":{"allow":["GET"]}}],"collection":[{"href":"https:\/\/lloydscorp.com\/fr\/wp-json\/wp\/v2\/pages"}],"about":[{"href":"https:\/\/lloydscorp.com\/fr\/wp-json\/wp\/v2\/types\/page"}],"author":[{"embeddable":true,"href":"https:\/\/lloydscorp.com\/fr\/wp-json\/wp\/v2\/users\/1"}],"replies":[{"embeddable":true,"href":"https:\/\/lloydscorp.com\/fr\/wp-json\/wp\/v2\/comments?post=2997"}],"version-history":[{"count":5,"href":"https:\/\/lloydscorp.com\/fr\/wp-json\/wp\/v2\/pages\/2997\/revisions"}],"predecessor-version":[{"id":3002,"href":"https:\/\/lloydscorp.com\/fr\/wp-json\/wp\/v2\/pages\/2997\/revisions\/3002"}],"wp:attachment":[{"href":"https:\/\/lloydscorp.com\/fr\/wp-json\/wp\/v2\/media?parent=2997"}],"curies":[{"name":"wp","href":"https:\/\/api.w.org\/{rel}","templated":true}]}}