{"id":313,"date":"2017-01-24T15:42:02","date_gmt":"2017-01-24T21:42:02","guid":{"rendered":"http:\/\/lloydscorp.com\/?page_id=313"},"modified":"2024-10-18T11:01:50","modified_gmt":"2024-10-18T17:01:50","slug":"acerca-de-nosotros","status":"publish","type":"page","link":"https:\/\/lloydscorp.com\/fr\/acerca-de-nosotros\/","title":{"rendered":"Acerca de Nosotros"},"content":{"rendered":"<div class=\"wpb-content-wrapper\"><p>[vc_row css=&#8221;.vc_custom_1485465505740{padding-top: 30px !important;}&#8221;][vc_column width=&#8221;1\/6&#8243;][\/vc_column][vc_column width=&#8221;2\/3&#8243; css=&#8221;.vc_custom_1485465552607{padding-top: 30px !important;padding-bottom: 150px !important;}&#8221;][vc_custom_heading text=&#8221;Nuestro compromiso en Lloyd\u2019s es seguir brind\u00e1ndote tecnolog\u00eda como hemos hecho estos \u00faltimos 30 a\u00f1os.&#8221; font_container=&#8221;tag:p|font_size:20|text_align:justify|line_height:2&#8243; google_fonts=&#8221;font_family:Open%20Sans%3A300%2C300italic%2Cregular%2Citalic%2C600%2C600italic%2C700%2C700italic%2C800%2C800italic|font_style:400%20regular%3A400%3Anormal&#8221; css_animation=&#8221;fadeIn&#8221;][vc_empty_space][vc_custom_heading text=&#8221;Nuestro crecimiento nos ha llevado a tener una importante presencia a nivel nacional as\u00ed como en algunos pa\u00edses de Centro y Sudam\u00e9rica. Estamos presentes en m\u00e1s de 400 tiendas, con equipos de seguridad fabricados y comercializados bajo los m\u00e1s altos est\u00e1ndares de calidad y con una pol\u00edtica de precios accesible para todos los consumidores.&#8221; font_container=&#8221;tag:p|font_size:20|text_align:justify|line_height:2&#8243; google_fonts=&#8221;font_family:Open%20Sans%3A300%2C300italic%2Cregular%2Citalic%2C600%2C600italic%2C700%2C700italic%2C800%2C800italic|font_style:400%20regular%3A400%3Anormal&#8221; css_animation=&#8221;fadeIn&#8221;][vc_empty_space][vc_custom_heading text=&#8221;Ofrecemos equipos de seguridad y soluciones integrales para el cuidado de tus seres queridos y tu patrimonio.&#8221; font_container=&#8221;tag:p|font_size:20|text_align:justify|line_height:2&#8243; google_fonts=&#8221;font_family:Open%20Sans%3A300%2C300italic%2Cregular%2Citalic%2C600%2C600italic%2C700%2C700italic%2C800%2C800italic|font_style:400%20regular%3A400%3Anormal&#8221; css_animation=&#8221;fadeIn&#8221;][\/vc_column][vc_column width=&#8221;1\/6&#8243;][\/vc_column][\/vc_row][vc_row][vc_column]<div \r\n\t        \t\t\t\tclass=\"section_title  animated None\" \r\n\t        \t\t\t\tdata-delay=\"0.2s\"\r\n\t        \t\t\t\t>\r\n                        <div \r\n                        \tstyle=\"color: #606872;\r\n\t\t\t\t\t\t\tfont-size: 50px;\r\n\t\t\t\t\t\t\ttext-align: center;\r\n\t\t\t\t\t\t\tline-height: 26px;\r\n\t\t\t\t\t\t\tfont-weight: 700;\r\n\t\t\t\t\t\t\t\"\r\n                        ><p>De venta en<\/p>\n<\/div><\/div>[vc_empty_space height=&#8221;60&#8243;][\/vc_column][\/vc_row][vc_row css=&#8221;.vc_custom_1604082989014{background-color: #b5b5b5 !important;}&#8221;][vc_column][vc_empty_space height=&#8221;60px&#8221;]<div \r\n\t        \t\t\t\tclass=\"section_title  animated None\" \r\n\t        \t\t\t\tdata-delay=\"0.2s\"\r\n\t        \t\t\t\t>\r\n                        <div \r\n                        \tstyle=\"color: #ffffff;\r\n\t\t\t\t\t\t\tfont-size: 35px;\r\n\t\t\t\t\t\t\ttext-align: center;\r\n\t\t\t\t\t\t\tline-height: 40px;\r\n\t\t\t\t\t\t\tfont-weight: 400;\r\n\t\t\t\t\t\t\t\"\r\n                        ><p>Con Lloyd&#8217;s haz tu casa inteligente<\/p>\n<\/div><\/div>[vc_empty_space height=&#8221;70px&#8221;][\/vc_column][\/vc_row][vc_row][vc_column][vc_raw_html]JTNDc3R5bGUlM0UlMEElMjAlMjAuY2FyZHNwYWRyZSUyMCU3QiUwQSUyMCUyMCUyMCUyMG1heC13aWR0aCUzQSUyMDExMDBweCUzQiUwQSUyMCUyMCUyMCUyMHBhZGRpbmclM0ElMjAxcmVtJTNCJTBBJTIwJTIwJTIwJTIwbWFyZ2luJTNBJTIwMCUyMGF1dG8lM0IlMEElMjAlMjAlMjAlMjBkaXNwbGF5JTNBJTIwZ3JpZCUzQiUwQSUyMCUyMCUyMCUyMGdyaWQtZ2FwJTNBJTIwMXJlbSUzQiUwQSUyMCUyMCUyMCUyMGdyaWQtdGVtcGxhdGUtY29sdW1ucyUzQSUyMHJlcGVhdCUyOGF1dG8tZml0JTJDJTIwbWlubWF4JTI4MTUwcHglMkMlMjAxZnIlMjklMjklM0IlMEElMjAlMjAlMjAlMjAlMkYlMkElMjBib3JkZXIlM0ExcHglMjBzb2xpZCUyMHJlZCUzQiUyMCUyQSUyRiUwQSUyMCUyMCU3RCUwQSUwQSUyMCUyMC5jYXJkbGxveWRzJTIwJTdCJTBBJTIwJTIwJTIwJTIwYmFja2dyb3VuZC1jb2xvciUzQSUyMHdoaXRlJTNCJTBBJTIwJTIwJTIwJTIwbWFyZ2luLWJvdHRvbSUzQSUyMC4yNXJlbSUzQiUwQSUyMCUyMCUyMCUyMG1hcmdpbi10b3AlM0ElMjAwLjI1cmVtJTNCJTBBJTIwJTIwJTIwJTIwbWFyZ2luLWxlZnQlM0ElMjAxcmVtJTNCJTBBJTIwJTIwJTIwJTIwbWFyZ2luLXJpZ2h0JTNBJTIwMXJlbSUzQiUwQSUyMCUyMCUyMCUyMHBhZGRpbmctcmlnaHQlM0ElMjBhdXRvJTNCJTBBJTIwJTIwJTIwJTIwaGVpZ2h0JTNBJTIwMTAwcHglM0IlMEElMjAlMjAlMjAlMjAlMkYlMkElMjBib3JkZXIlM0ExcHglMjBzb2xpZCUyMGdyYXklM0IlMjAlMkElMkYlMEElMjAlMjAlMjAlMjBqdXN0aWZ5LWNvbnRlbnQlM0ElMjBjZW50ZXIlM0IlMEElMjAlMjAlN0QlMEElMEElMjAlMjAubG9nb2Zvb3Rlcmxsb3lkcyUyMCU3QiUwQSUyMCUyMCUyMCUyMCUyRiUyQSUyMGJvcmRlciUzQTFweCUyMHNvbGlkJTIwcmdiJTI4MTUzJTJDJTIwMTQ4JTJDJTIwMTUzJTI5JTNCJTIwJTJBJTJGJTBBJTIwJTIwJTIwJTIwaGVpZ2h0JTNBJTIwMTAwcHglM0IlMEElMjAlMjAlN0QlMEElM0MlMkZzdHlsZSUzRSUwQSUzQ2RpdiUyMGNsYXNzJTNEJTIyY2FyZHNwYWRyZSUyMiUzRSUwQSUwQSUyMCUyMCUzQyUyMS0tJTIwSG9tZSUyMERlcG90JTIwLS0lM0UlMEElMjAlMjAlM0NkaXYlMjBjbGFzcyUzRCUyMmNhcmRsbG95ZHMlMjIlM0UlM0NhJTBBJTIwJTIwJTIwJTIwJTIwJTIwaHJlZiUzRCUyMmh0dHBzJTNBJTJGJTJGd3d3LmhvbWVkZXBvdC5jb20ubXglMkZTZWFyY2hEaXNwbGF5JTNGY2F0ZWdvcnlJZCUzRCUyNnN0b3JlSWQlM0QxMDM1MSUyNmNhdGFsb2dJZCUzRDEwMTAxJTI2bGFuZ0lkJTNELTUlMjZzVHlwZSUzRFNpbXBsZVNlYXJjaCUyNnJlc3VsdENhdEVudHJ5VHlwZSUzRDIlMjZzaG93UmVzdWx0c1BhZ2UlM0R0cnVlJTI2c2VhcmNoU291cmNlJTNEUSUyNnBhZ2VWaWV3JTNEJTI2YmVnaW5JbmRleCUzRDAlMjZwYWdlU2l6ZSUzRDIwJTI2c2VhcmNoVGVybSUzRGxsb3lkcyUyM2ZhY2V0JTNBLTEwMDI2NTY4ODY2NTc4Njc2OTY4MzI3Mjc5Nzc2OSUyQy0xMDAyNzY3Njc5ODk2ODgzJTI2cHJvZHVjdEJlZ2luSW5kZXglM0EwJTI2ZmFjZXRMaW1pdCUzQSUyNm9yZGVyQnklM0ElMjZwYWdlVmlldyUzQWdyaWQlMjZtaW5QcmljZSUzQSUyNm1heFByaWNlJTNBJTI2cGFnZVNpemUlM0ElMjYlMjIlM0UlM0NpbWclMEElMjAlMjAlMjAlMjAlMjAlMjAlMjAlMjBjbGFzcyUzRCUyMmxvZ29mb290ZXJsbG95ZHMlMjIlMjBzcmMlM0QlMjJodHRwJTNBJTJGJTJGbGxveWRzY29ycC5jb20lMkZ3cC1jb250ZW50JTJGdXBsb2FkcyUyRjIwMjAlMkYxMSUyRnRoZWhvbWVkZXBvdF8xNTAucG5nJTIyJTIwYWx0JTNEJTIyJTIyJTNFJTNDJTJGYSUzRSUwQSUyMCUyMCUzQyUyRmRpdiUzRSUwQSUyMCUyMCUzQyUyMS0tJTIwTWVyY2FkbyUyMExpYnJlJTIwLS0lM0UlMEElMjAlMjAlM0NkaXYlMjBjbGFzcyUzRCUyMmNhcmRsbG95ZHMlMjIlM0UlM0NhJTIwaHJlZiUzRCUyMmh0dHBzJTNBJTJGJTJGbGlzdGFkby5tZXJjYWRvbGlicmUuY29tLm14JTJGX0N1c3RJZF80OTE1Mjg4MTclMjIlM0UlM0NpbWclMjBjbGFzcyUzRCUyMmxvZ29mb290ZXJsbG95ZHMlMjIlMEElMjAlMjAlMjAlMjAlMjAlMjAlMjAlMjBzcmMlM0QlMjJodHRwJTNBJTJGJTJGbGxveWRzY29ycC5jb20lMkZ3cC1jb250ZW50JTJGdXBsb2FkcyUyRjIwMjAlMkYxMSUyRm1lcmNhZG9saWJyZV8xNTAucG5nJTIyJTIwYWx0JTNEJTIyJTIyJTNFJTNDJTJGYSUzRSUzQyUyRmRpdiUzRSUwQSUwQSUyMCUyMCUzQyUyMS0tJTIwTGl2ZXJwb29sJTIwLS0lM0UlMEElMjAlMjAlM0NkaXYlMjBjbGFzcyUzRCUyMmNhcmRsbG95ZHMlMjIlM0UlM0NhJTIwaHJlZiUzRCUyMmh0dHBzJTNBJTJGJTJGd3d3LmxpdmVycG9vbC5jb20ubXglMkZ0aWVuZGElM0ZzJTNEbGxveWQlMjUyN3MlMjIlM0UlM0NpbWclMjBjbGFzcyUzRCUyMmxvZ29mb290ZXJsbG95ZHMlMjIlMEElMjAlMjAlMjAlMjAlMjAlMjAlMjAlMjBzcmMlM0QlMjJodHRwJTNBJTJGJTJGbGxveWRzY29ycC5jb20lMkZ3cC1jb250ZW50JTJGdXBsb2FkcyUyRjIwMjIlMkYxMCUyRkxpdmVycG9vbC5qcGclMjIlMjBhbHQlM0QlMjIlMjIlM0UlM0MlMkZhJTNFJTNDJTJGZGl2JTNFJTBBJTBBJTIwJTIwJTNDJTIxLS0lMjBDaGVkcmF1aSUyMC0tJTNFJTBBJTIwJTIwJTNDZGl2JTIwY2xhc3MlM0QlMjJjYXJkbGxveWRzJTIyJTNFJTNDYSUyMGhyZWYlM0QlMjJodHRwcyUzQSUyRiUyRnd3dy5jaGVkcmF1aS5jb20ubXglMkZzZWFyY2glM0Z0ZXh0JTNEbGxveWQlMjVDMiUyNUI0cyUyNTIwTEMtJTIyJTNFJTNDaW1nJTBBJTIwJTIwJTIwJTIwJTIwJTIwJTIwJTIwY2xhc3MlM0QlMjJsb2dvZm9vdGVybGxveWRzJTIyJTIwc3JjJTNEJTIyaHR0cCUzQSUyRiUyRmxsb3lkc2NvcnAuY29tJTJGd3AtY29udGVudCUyRnVwbG9hZHMlMkYyMDIwJTJGMTElMkZjaGVkcmF1aV8xNTAucG5nJTIyJTIwYWx0JTNEJTIyJTIyJTNFJTNDJTJGYSUzRSUwQSUyMCUyMCUzQyUyRmRpdiUzRSUwQSUwQSUyMCUyMCUzQyUyMS0tJTIwQW1hem9uJTIwLS0lM0UlMEElMjAlMjAlM0NkaXYlMjBjbGFzcyUzRCUyMmNhcmRsbG95ZHMlMjIlM0UlM0NhJTBBJTIwJTIwJTIwJTIwJTIwJTIwaHJlZiUzRCUyMmh0dHBzJTNBJTJGJTJGd3d3LmFtYXpvbi5jb20ubXglMkZzdG9yZXMlMkZub2RlJTJGMTk4ODI1MDQwMTElM0ZfZW5jb2RpbmclM0RVVEY4JTI2ZmllbGQtbGJyX2JyYW5kc19icm93c2UtYmluJTNETGxveWQlMjUyN3MlMjZyZWZfJTNEYmxfZHBfc193ZWJfMTk4ODI1MDQwMTElMjIlM0UlM0NpbWclMEElMjAlMjAlMjAlMjAlMjAlMjAlMjAlMjBjbGFzcyUzRCUyMmxvZ29mb290ZXJsbG95ZHMlMjIlMjBzcmMlM0QlMjJodHRwJTNBJTJGJTJGbGxveWRzY29ycC5jb20lMkZ3cC1jb250ZW50JTJGdXBsb2FkcyUyRjIwMjAlMkYxMSUyRmFtYXpvbl8xNTAucG5nJTIyJTIwYWx0JTNEJTIyJTIyJTNFJTNDJTJGYSUzRSUzQyUyRmRpdiUzRSUwQSUwQSUzQyUyMS0tJTIwTHVtZW4lMjAtLSUzRSUwQSUyMCUyMCUzQ2RpdiUyMGNsYXNzJTNEJTIyY2FyZGxsb3lkcyUyMiUzRSUzQ2ElMEElMjAlMjAlMjAlMjAlMjAlMjBocmVmJTNEJTIyaHR0cHMlM0ElMkYlMkZsdW1lbi5jb20ubXglMkZob2dhci1pbnRlbGlnZW50ZS0wNjAwNzAwNSUzRnV0bV9zb3VyY2UlM0RCJTI2dXRtX21lZGl1bSUzRGZvY29zJTJCaW50JTI2dXRtX2NhbXBhaWduJTNEMTclMkItJTJCMjElMkJlbmUlMjIlM0UlM0NpbWclMEElMjAlMjAlMjAlMjAlMjAlMjAlMjAlMjBjbGFzcyUzRCUyMmxvZ29mb290ZXJsbG95ZHMlMjIlMjBzcmMlM0QlMjJodHRwJTNBJTJGJTJGbGxveWRzY29ycC5jb20lMkZ3cC1jb250ZW50JTJGdXBsb2FkcyUyRjIwMjIlMkYxMCUyRkx1bWVuLmpwZyUyMiUyMGFsdCUzRCUyMiUyMiUzRSUzQyUyRmElM0UlM0MlMkZkaXYlM0UlMEElMEElMjAlMjAlM0MlMjEtLSUyMExhTWFyaW5hJTIwLS0lM0UlMEElMjAlMjAlM0NkaXYlMjBjbGFzcyUzRCUyMmNhcmRsbG95ZHMlMjIlM0UlM0NhJTBBJTIwJTIwJTIwJTIwJTIwJTIwaHJlZiUzRCUyMmh0dHBzJTNBJTJGJTJGd3d3LmxhbWFyaW5hLmNvbS5teCUyRmxsb3lkcyUyMiUzRSUzQ2ltZyUyMGNsYXNzJTNEJTIybG9nb2Zvb3Rlcmxsb3lkcyUyMiUyMHNyYyUzRCUyMmh0dHAlM0ElMkYlMkZsbG95ZHNjb3JwLmNvbSUyRndwLWNvbnRlbnQlMkZ1cGxvYWRzJTJGMjAyMiUyRjEwJTJGTGFNYXJpbmEuanBnJTIyJTIwYWx0JTNEJTIyJTIyJTNFJTNDJTJGYSUzRSUwQSUyMCUyMCUzQyUyRmRpdiUzRSUwQSUwQSUyMCUyMCUzQyUyMS0tJTIwQ29wcGVsJTIwLS0lM0UlMEElMjAlMjAlM0NkaXYlMjBjbGFzcyUzRCUyMmNhcmRsbG95ZHMlMjIlM0UlM0NhJTIwaHJlZiUzRCUyMmh0dHBzJTNBJTJGJTJGd3d3LmNvcHBlbC5jb20lMkZTZWFyY2hEaXNwbGF5JTNGY2F0ZWdvcnlJZCUzRCUyNnN0b3JlSWQlM0QxMjc2MSUyNmNhdGFsb2dJZCUzRDEwMDAxJTI2bGFuZ0lkJTNELTUlMjZzVHlwZSUzRFNpbXBsZVNlYXJjaCUyNnJlc3VsdENhdEVudHJ5VHlwZSUzRDIlMjZzaG93UmVzdWx0c1BhZ2UlM0R0cnVlJTI2c2VhcmNoU291cmNlJTNEUSUyNnBhZ2VWaWV3JTNEJTI2YmVnaW5JbmRleCUzRDAlMjZwYWdlU2l6ZSUzRDEyJTI2c2VhcmNoVGVybSUzRGxsb3lkcyUyMiUzRSUzQ2ltZyUyMGNsYXNzJTNEJTIybG9nb2Zvb3Rlcmxsb3lkcyUyMiUyMHNyYyUzRCUyMmh0dHAlM0ElMkYlMkZsbG95ZHNjb3JwLmNvbSUyRndwLWNvbnRlbnQlMkZ1cGxvYWRzJTJGMjAyMCUyRjExJTJGY29wcGVsMl8xNTAucG5nJTIyJTIwYWx0JTNEJTIyJTIyJTNFJTNDJTJGYSUzRSUwQSUyMCUyMCUzQyUyRmRpdiUzRSUwQSUwQSUyMCUyMCUzQyUyMS0tJTIwUmFkaW9TaGFjayUyMC0tJTNFJTBBJTIwJTIwJTNDZGl2JTIwY2xhc3MlM0QlMjJjYXJkbGxveWRzJTIyJTNFJTNDYSUyMGhyZWYlM0QlMjJodHRwcyUzQSUyRiUyRnd3dy5yYWRpb3NoYWNrLmNvbS5teCUyRnN0b3JlJTJGcmFkaW9zaGFjayUyRmVuJTJGc2VhcmNoJTJGJTNGdGV4dCUzRGxsb3lkcyUyMiUzRSUzQ2ltZyUwQSUyMCUyMCUyMCUyMCUyMCUyMCUyMCUyMGNsYXNzJTNEJTIybG9nb2Zvb3Rlcmxsb3lkcyUyMiUyMHNyYyUzRCUyMmh0dHAlM0ElMkYlMkZsbG95ZHNjb3JwLmNvbSUyRndwLWNvbnRlbnQlMkZ1cGxvYWRzJTJGMjAyMCUyRjExJTJGcmFkaW9zaGFja18xNTAucG5nJTIyJTIwYWx0JTNEJTIyJTIyJTNFJTNDJTJGYSUzRSUwQSUyMCUyMCUzQyUyRmRpdiUzRSUwQSUwQSUyMCUyMCUzQyUyMS0tJTIwV2FsbWFydCUyMC0tJTNFJTBBJTIwJTIwJTNDZGl2JTIwY2xhc3MlM0QlMjJjYXJkbGxveWRzJTIyJTNFJTNDYSUwQSUyMCUyMCUyMCUyMCUyMCUyMGhyZWYlM0QlMjJodHRwcyUzQSUyRiUyRnd3dy53YWxtYXJ0LmNvbS5teCUyRnByb2R1Y3RvcyUzRk50dCUzRGxsb3lkcyUyNnNpemUlM0QyNCUyNnBhZ2UlM0QwJTI2cWYlM0RicmFuZE5hbWUlM0FsbG95ZHMlMjIlM0UlM0NpbWclMEElMjAlMjAlMjAlMjAlMjAlMjAlMjAlMjBjbGFzcyUzRCUyMmxvZ29mb290ZXJsbG95ZHMlMjIlMjBzcmMlM0QlMjJodHRwJTNBJTJGJTJGbGxveWRzY29ycC5jb20lMkZ3cC1jb250ZW50JTJGdXBsb2FkcyUyRjIwMjAlMkYxMSUyRndtMl8xNTAucG5nJTIyJTIwYWx0JTNEJTIyJTIyJTNFJTNDJTJGYSUzRSUzQyUyRmRpdiUzRSUwQSUwQSUyMCUyMCUzQyUyMS0tJTIwT2ZmaWNlJTIwRGVwb3QlMjAtLSUzRSUwQSUyMCUyMCUzQ2RpdiUyMGNsYXNzJTNEJTIyY2FyZGxsb3lkcyUyMiUzRSUzQ2ElMjBocmVmJTNEJTIyaHR0cHMlM0ElMkYlMkZ3d3cub2ZmaWNlZGVwb3QuY29tLm14JTJGb2ZmaWNlZGVwb3QlMkZlbiUyRnNlYXJjaCUyRiUzRnRleHQlM0RsbG95ZHMlMjIlM0UlM0NpbWclMEElMjAlMjAlMjAlMjAlMjAlMjAlMjAlMjBjbGFzcyUzRCUyMmxvZ29mb290ZXJsbG95ZHMlMjIlMjBzcmMlM0QlMjJodHRwJTNBJTJGJTJGbGxveWRzY29ycC5jb20lMkZ3cC1jb250ZW50JTJGdXBsb2FkcyUyRjIwMjAlMkYxMSUyRm9mZmljZWRlcG90XzE1MC5wbmclMjIlMjBhbHQlM0QlMjIlMjIlM0UlM0MlMkZhJTNFJTBBJTIwJTIwJTNDJTJGZGl2JTNFJTBBJTBBJTIwJTIwJTNDJTIxLS0lMjBTYW1zJTIwQ2x1YiUyMC0tJTNFJTBBJTIwJTIwJTNDZGl2JTIwY2xhc3MlM0QlMjJjYXJkbGxveWRzJTIyJTNFJTNDYSUyMGhyZWYlM0QlMjJodHRwcyUzQSUyRiUyRnd3dy5zYW1zLmNvbS5teCUyRnNlYXJjaCUyRk50dCUzRGxsb3lkJTI3cyUyMiUzRSUzQ2ltZyUyMGNsYXNzJTNEJTIybG9nb2Zvb3Rlcmxsb3lkcyUyMiUwQSUyMCUyMCUyMCUyMCUyMCUyMCUyMCUyMHNyYyUzRCUyMmh0dHAlM0ElMkYlMkZsbG95ZHNjb3JwLmNvbSUyRndwLWNvbnRlbnQlMkZ1cGxvYWRzJTJGMjAyMCUyRjExJTJGc2Ftc18xNTAucG5nJTIyJTIwYWx0JTNEJTIyJTIyJTNFJTNDJTJGYSUzRSUzQyUyRmRpdiUzRSUwQSUwQSUyMCUzQyUyMS0tJTIwTWFjc3RvcmUlMjAtLSUzRSUwQSUyMCUyMCUzQ2RpdiUyMGNsYXNzJTNEJTIyY2FyZGxsb3lkcyUyMiUzRSUzQ2ElMjBocmVmJTNEJTIyaHR0cHMlM0ElMkYlMkZ3d3cubWFjc3RvcmVvbmxpbmUuY29tLm14JTJGYWNjZXNvcmlvcyUyRmNhdGVnb3JpYSUyRmhvbWUlMjIlM0UlM0NpbWclMjBjbGFzcyUzRCUyMmxvZ29mb290ZXJsbG95ZHMlMjIlMEElMjAlMjAlMjAlMjAlMjAlMjAlMjAlMjBzcmMlM0QlMjJodHRwJTNBJTJGJTJGbGxveWRzY29ycC5jb20lMkZ3cC1jb250ZW50JTJGdXBsb2FkcyUyRjIwMjIlMkYxMCUyRk1hY3N0b3JlLmpwZyUyMiUyMGFsdCUzRCUyMiUyMiUzRSUzQyUyRmElM0UlM0MlMkZkaXYlM0UlMEElMEElMjAlMjAlM0MlMjEtLSUyMERvJTIwaXQlMjBDZW50ZXIlMjAtLSUzRSUwQSUyMCUyMCUzQ2RpdiUyMGNsYXNzJTNEJTIyY2FyZGxsb3lkcyUyMiUzRSUzQ2ElMEElMjAlMjAlMjAlMjAlMjAlMjBocmVmJTNEJTIyaHR0cHMlM0ElMkYlMkZ3d3cuZG9pdGNlbnRlci5jb20ucGElMkZwYWdlcyUyRnNlYXJjaC1yZXN1bHRzJTNGZmlsdGVycyUyNTVCYnJhbmQlMjU1RCUyNTVCMCUyNTVEJTNETExPWURTJTI2cSUzRGxsb3lkcyUyMiUzRSUzQ2ltZyUwQSUyMCUyMCUyMCUyMCUyMCUyMCUyMCUyMGNsYXNzJTNEJTIybG9nb2Zvb3Rlcmxsb3lkcyUyMiUyMHNyYyUzRCUyMmh0dHAlM0ElMkYlMkZsbG95ZHNjb3JwLmNvbSUyRndwLWNvbnRlbnQlMkZ1cGxvYWRzJTJGMjAyMCUyRjExJTJGZG9pdGNlbnRlcjJfMTUwLnBuZyUyMiUyMGFsdCUzRCUyMiUyMiUzRSUzQyUyRmElM0UlMEElMjAlMjAlM0MlMkZkaXYlM0UlMEElMEElM0MlMkZkaXYlM0U=[\/vc_raw_html][\/vc_column][\/vc_row]<\/p>\n<\/div>","protected":false},"excerpt":{"rendered":"<p>[vc_row css=&#8221;.vc_custom_1485465505740{padding-top: 30px !important;}&#8221;][vc_column width=&#8221;1\/6&#8243;][\/vc_column][vc_column width=&#8221;2\/3&#8243; css=&#8221;.vc_custom_1485465552607{padding-top: 30px !important;padding-bottom: 150px !important;}&#8221;][vc_custom_heading text=&#8221;Nuestro compromiso en Lloyd\u2019s es seguir brind\u00e1ndote tecnolog\u00eda como hemos hecho estos \u00faltimos 30 a\u00f1os.&#8221; font_container=&#8221;tag:p|font_size:20|text_align:justify|line_height:2&#8243; google_fonts=&#8221;font_family:Open%20Sans%3A300%2C300italic%2Cregular%2Citalic%2C600%2C600italic%2C700%2C700italic%2C800%2C800italic|font_style:400%20regular%3A400%3Anormal&#8221; css_animation=&#8221;fadeIn&#8221;][vc_empty_space][vc_custom_heading text=&#8221;Nuestro crecimiento nos ha llevado a tener una importante presencia a nivel nacional as\u00ed como en algunos pa\u00edses de Centro y Sudam\u00e9rica. Estamos presentes en m\u00e1s [&hellip;]<\/p>\n","protected":false},"author":1,"featured_media":0,"parent":0,"menu_order":0,"comment_status":"closed","ping_status":"closed","template":"template-home.php","meta":{"_glsr_average":0,"_glsr_ranking":0,"_glsr_reviews":0,"footnotes":""},"class_list":["post-313","page","type-page","status-publish","hentry","singlePost singleLargePost"],"_links":{"self":[{"href":"https:\/\/lloydscorp.com\/fr\/wp-json\/wp\/v2\/pages\/313","targetHints":{"allow":["GET"]}}],"collection":[{"href":"https:\/\/lloydscorp.com\/fr\/wp-json\/wp\/v2\/pages"}],"about":[{"href":"https:\/\/lloydscorp.com\/fr\/wp-json\/wp\/v2\/types\/page"}],"author":[{"embeddable":true,"href":"https:\/\/lloydscorp.com\/fr\/wp-json\/wp\/v2\/users\/1"}],"replies":[{"embeddable":true,"href":"https:\/\/lloydscorp.com\/fr\/wp-json\/wp\/v2\/comments?post=313"}],"version-history":[{"count":57,"href":"https:\/\/lloydscorp.com\/fr\/wp-json\/wp\/v2\/pages\/313\/revisions"}],"predecessor-version":[{"id":9727,"href":"https:\/\/lloydscorp.com\/fr\/wp-json\/wp\/v2\/pages\/313\/revisions\/9727"}],"wp:attachment":[{"href":"https:\/\/lloydscorp.com\/fr\/wp-json\/wp\/v2\/media?parent=313"}],"curies":[{"name":"wp","href":"https:\/\/api.w.org\/{rel}","templated":true}]}}