{"id":7247,"date":"2022-06-17T09:41:55","date_gmt":"2022-06-17T15:41:55","guid":{"rendered":"https:\/\/lloydscorp.com\/?page_id=7247"},"modified":"2022-06-17T09:44:26","modified_gmt":"2022-06-17T15:44:26","slug":"mando-ir-rf-lc-1347","status":"publish","type":"page","link":"https:\/\/lloydscorp.com\/fr\/mando-ir-rf-lc-1347\/","title":{"rendered":"(Espa\u00f1ol) Mando IR + RF (LC-1347)"},"content":{"rendered":"<p class=\"qtranxs-available-languages-message qtranxs-available-languages-message-fr\">D\u00e9sol\u00e9, cet article est seulement disponible en <a href=\"https:\/\/lloydscorp.com\/es\/wp-json\/wp\/v2\/pages\/7247\" class=\"qtranxs-available-language-link qtranxs-available-language-link-es\" title=\"Espa\u00f1ol\">Espa\u00f1ol<\/a>.<\/p><div class=\"wpb-content-wrapper\"><p>[vc_row][vc_column][vc_row_inner][vc_column_inner][vc_single_image image=&#8221;7248&#8243; img_size=&#8221;large&#8221; alignment=&#8221;center&#8221;][\/vc_column_inner][\/vc_row_inner][\/vc_column][\/vc_row][vc_row][vc_column][vc_btn title=&#8221;Descarga el Manual&#8221; shape=&#8221;square&#8221; color=&#8221;success&#8221; align=&#8221;center&#8221; link=&#8221;url:http%3A%2F%2Flloydscorp.com%2Fwp-content%2Fuploads%2F2022%2F06%2FQuick-guide-LC-1347-baja-1.pdf&#8221;][\/vc_column][\/vc_row]<\/p>\n<\/div>","protected":false},"excerpt":{"rendered":"<p>D\u00e9sol\u00e9, cet article est seulement disponible en Espa\u00f1ol.[vc_row][vc_column][vc_row_inner][vc_column_inner][vc_single_image image=&#8221;7248&#8243; img_size=&#8221;large&#8221; alignment=&#8221;center&#8221;][\/vc_column_inner][\/vc_row_inner][\/vc_column][\/vc_row][vc_row][vc_column][vc_btn title=&#8221;Descarga el Manual&#8221; shape=&#8221;square&#8221; color=&#8221;success&#8221; align=&#8221;center&#8221; link=&#8221;url:http%3A%2F%2Flloydscorp.com%2Fwp-content%2Fuploads%2F2022%2F06%2FQuick-guide-LC-1347-baja-1.pdf&#8221;][\/vc_column][\/vc_row]<\/p>\n","protected":false},"author":1,"featured_media":0,"parent":0,"menu_order":0,"comment_status":"closed","ping_status":"closed","template":"","meta":{"_glsr_average":0,"_glsr_ranking":0,"_glsr_reviews":0,"footnotes":""},"class_list":["post-7247","page","type-page","status-publish","hentry","singlePost singleLargePost"],"_links":{"self":[{"href":"https:\/\/lloydscorp.com\/fr\/wp-json\/wp\/v2\/pages\/7247","targetHints":{"allow":["GET"]}}],"collection":[{"href":"https:\/\/lloydscorp.com\/fr\/wp-json\/wp\/v2\/pages"}],"about":[{"href":"https:\/\/lloydscorp.com\/fr\/wp-json\/wp\/v2\/types\/page"}],"author":[{"embeddable":true,"href":"https:\/\/lloydscorp.com\/fr\/wp-json\/wp\/v2\/users\/1"}],"replies":[{"embeddable":true,"href":"https:\/\/lloydscorp.com\/fr\/wp-json\/wp\/v2\/comments?post=7247"}],"version-history":[{"count":3,"href":"https:\/\/lloydscorp.com\/fr\/wp-json\/wp\/v2\/pages\/7247\/revisions"}],"predecessor-version":[{"id":7253,"href":"https:\/\/lloydscorp.com\/fr\/wp-json\/wp\/v2\/pages\/7247\/revisions\/7253"}],"wp:attachment":[{"href":"https:\/\/lloydscorp.com\/fr\/wp-json\/wp\/v2\/media?parent=7247"}],"curies":[{"name":"wp","href":"https:\/\/api.w.org\/{rel}","templated":true}]}}