{"id":7305,"date":"2022-07-08T08:01:19","date_gmt":"2022-07-08T14:01:19","guid":{"rendered":"https:\/\/lloydscorp.com\/?page_id=7305"},"modified":"2022-10-13T16:38:47","modified_gmt":"2022-10-13T22:38:47","slug":"privacy-agreement-evolux","status":"publish","type":"page","link":"https:\/\/lloydscorp.com\/fr\/privacy-agreement-evolux\/","title":{"rendered":"Politique de confidentialit\u00e9 mobile de Zutto Technologies"},"content":{"rendered":"<div class=\"wpb-content-wrapper\"><p>[vc_row][vc_column][vc_column_text]Date d&#8217;entr\u00e9e en vigueur\u00a0: 01\/06\/2020<\/p>\n<p>Mis \u00e0 jour\u00a0: 01\/06\/2020<\/p>\n<p>Zutto Technologies et ses filiales (\u00ab nous \u00bb, \u00ab notre \u00bb, \u00ab nos \u00bb, \u00ab Zutto Technologies \u00bb) s&#8217;engagent \u00e0 prot\u00e9ger votre vie priv\u00e9e.\u00a0 Cette politique de confidentialit\u00e9 (\u00ab\u00a0Politique\u00a0\u00bb) d\u00e9crit nos pratiques en mati\u00e8re de confidentialit\u00e9 des informations sur les donn\u00e9es personnelles que nous traitons par le biais de votre utilisation individuelle des services, produits et applications mobiles associ\u00e9s suivants (collectivement, les \u00ab\u00a0produits\u00a0\u00bb)\u00a0:<\/p>\n<p>Application mobile Evolux<\/p>\n<p>Dans la pr\u00e9sente politique de confidentialit\u00e9, les \u00ab\u00a0donn\u00e9es personnelles\u00a0\u00bb d\u00e9signent les informations qui peuvent \u00eatre utilis\u00e9es pour identifier un individu, soit \u00e0 partir de ces informations uniquement, soit \u00e0 partir de ces informations et d&#8217;autres informations auxquelles nous avons acc\u00e8s \u00e0 propos de cet individu.\u00a0 \u00ab\u00a0Appareils intelligents\u00a0\u00bb d\u00e9signe les appareils informatiques non standard produits ou fabriqu\u00e9s par des fabricants de mat\u00e9riel, avec une interface homme-machine et la capacit\u00e9 de transmettre des donn\u00e9es qui se connectent sans fil \u00e0 un r\u00e9seau, y compris\u00a0: les appareils \u00e9lectrom\u00e9nagers intelligents, les appareils portables intelligents, les appareils de purification d&#8217;air intelligents,\u00a0 etc. &#8220;Apps&#8221; fait r\u00e9f\u00e9rence aux applications mobiles d\u00e9velopp\u00e9es par Zutto Technologies qui permettent aux utilisateurs finaux de contr\u00f4ler \u00e0 distance les appareils intelligents et de se connecter \u00e0 la plate-forme IoT du fournisseur.<\/p>\n<p>Pour les autres applications mobiles de marque aliment\u00e9es par Zutto Technologies, nos clients contr\u00f4lent toutes les donn\u00e9es personnelles collect\u00e9es via nos produits.\u00a0 Nous collectons les informations sous la direction de nos Clients et le traitement de ces informations doit \u00eatre limit\u00e9 \u00e0 la fourniture du service pour lequel nos Clients nous ont engag\u00e9s.\u00a0 Si vous \u00eates client d&#8217;un de nos Clients et que vous ne souhaitez plus \u00eatre contact\u00e9 par l&#8217;un de nos Clients utilisant notre service, veuillez contacter directement le Client avec lequel vous interagissez.<\/p>\n<p>Quelles Donn\u00e9es Personnelles collectons-nous<\/p>\n<p>Afin de vous fournir nos services, nous vous demanderons de fournir les donn\u00e9es personnelles n\u00e9cessaires \u00e0 la fourniture de ces services.\u00a0 Si vous ne fournissez pas vos donn\u00e9es personnelles, nous pourrions ne pas \u00eatre en mesure de vous fournir nos produits ou services.<\/p>\n<p><strong>1.Informations que vous nous fournissez volontairement<\/strong><\/p>\n<ul>\n<li><u>Donn\u00e9es de compte ou de profil\u00a0<\/u>: lorsque vous enregistrez un compte chez nous, nous pouvons collecter votre nom et vos coordonn\u00e9es, telles que votre adresse e-mail, votre num\u00e9ro de t\u00e9l\u00e9phone, votre nom d&#8217;utilisateur et vos identifiants de connexion. Au cours de votre interaction avec nos Produits, nous pouvons en outre collecter votre surnom, votre photo de profil, votre code de pays, votre pr\u00e9f\u00e9rence de langue ou des informations sur votre fuseau horaire dans votre compte.<\/li>\n<li><u>Commentaires<\/u>: Lorsque vous utilisez les fonctionnalit\u00e9s de commentaires et de suggestions dans nos produits, nous collecterons votre adresse e-mail, votre num\u00e9ro de t\u00e9l\u00e9phone mobile et le contenu de vos commentaires pour r\u00e9soudre vos probl\u00e8mes et r\u00e9soudre les pannes de l&#8217;appareil en temps opportun.<\/li>\n<\/ul>\n<p><strong>\u00a0<\/strong><strong>2.Informations que nous recueillons automatiquement<\/strong><\/p>\n<ul>\n<li><u>Informations sur l&#8217;appareil<\/u>: lorsque vous interagissez avec notre produit, nous collectons automatiquement des informations sur l&#8217;appareil, telles que l&#8217;adresse MAC de vos appareils, l&#8217;adresse IP, les informations de connexion sans fil, le type et la version du syst\u00e8me d&#8217;exploitation, le num\u00e9ro de version de l&#8217;application, l&#8217;identifiant de notification push, les fichiers journaux et\u00a0 informations sur le r\u00e9seau mobile.<\/li>\n<li><u>Donn\u00e9es d&#8217;utilisation<\/u>: lors de votre interaction avec nos sites et services, nous collectons automatiquement des donn\u00e9es d&#8217;utilisation relatives aux visites, aux clics, aux t\u00e9l\u00e9chargements, aux messages envoy\u00e9s\/re\u00e7us et \u00e0 toute autre utilisation de nos sites et services.<\/li>\n<li><u>Informations sur le journal<\/u>: lorsque vous utilisez notre application, le journal du syst\u00e8me et des exceptions peut \u00eatre t\u00e9l\u00e9charg\u00e9.<\/li>\n<li><u>Informations de localisation<\/u> : Nous pouvons collecter des informations sur votre g\u00e9olocalisation pr\u00e9cise ou non pr\u00e9cise en temps r\u00e9el lorsque vous utilisez nos Produits ou Services sp\u00e9cifiques, tels que Lloyds Smart.<\/li>\n<\/ul>\n<p><strong>3.Informations relatives aux appareils intelligents\u00a0:<\/strong><\/p>\n<ul>\n<li><u>Informations de base sur les appareils intelligents<\/u>: lorsque vous connectez vos appareils intelligents \u00e0 nos produits ou services, nous pouvons collecter des informations de base sur vos appareils intelligents, telles que le nom de l&#8217;appareil, l&#8217;ID de l&#8217;appareil, l&#8217;\u00e9tat en ligne, l&#8217;heure d&#8217;activation, la version du micrologiciel et les informations de mise \u00e0 niveau.<\/li>\n<li><u>Informations rapport\u00e9es par les appareils intelligents<\/u>: selon les diff\u00e9rents appareils intelligents que vous choisissez de connecter \u00e0 nos produits ou services, nous pouvons collecter diff\u00e9rentes informations rapport\u00e9es par vos appareils intelligents.\u00a0 <u>Par exemple, veuillez entrer des informations sur le rapport de l&#8217;appareil intelligent.<\/u><\/li>\n<\/ul>\n<p><strong>Finalit\u00e9s et base juridique du traitement des Donn\u00e9es Personnelles<\/strong><\/p>\n<p>Les finalit\u00e9s pour lesquelles nous pouvons traiter les informations vous concernant sont les suivantes :<\/p>\n<p>Vous fournir des services\u00a0:<\/p>\n<ul>\n<li><u>Nous traitons les donn\u00e9es de votre compte et de votre profil<\/u>, les informations sur l&#8217;appareil, les donn\u00e9es d&#8217;utilisation, les informations de localisation et les informations relatives aux appareils intelligents pour vous fournir nos produits et services que vous avez demand\u00e9s ou achet\u00e9s. La base juridique de ce traitement est d&#8217;ex\u00e9cuter notre contrat avec vous conform\u00e9ment \u00e0 nos conditions d&#8217;utilisation.,<\/li>\n<li><u>Am\u00e9liorer nos services<\/u> : Nous traitons les informations de votre appareil, les donn\u00e9es d&#8217;utilisation, les informations de localisation et les informations relatives aux appareils intelligents pour assurer les fonctions et la s\u00e9curit\u00e9 de nos produits, pour d\u00e9velopper et am\u00e9liorer nos produits et services, pour analyser l&#8217;efficacit\u00e9 de nos op\u00e9rations et pour emp\u00eacher et tracer les utilisations frauduleuses ou inappropri\u00e9es.\u00a0 La base juridique de ce traitement est l&#8217;ex\u00e9cution de notre contrat avec vous conform\u00e9ment \u00e0 nos conditions d&#8217;utilisation.<\/li>\n<li><u>Communication non commerciale <\/u>: Nous traitons vos donn\u00e9es personnelles pour vous envoyer des informations importantes concernant les services, les modifications de nos termes, conditions et politiques et\/ou d&#8217;autres informations administratives. \u00c9tant donn\u00e9 que ces informations peuvent \u00eatre importantes, vous ne pouvez pas refuser de recevoir de telles communications.\u00a0 La base juridique de ce traitement est l&#8217;ex\u00e9cution de notre contrat avec vous conform\u00e9ment \u00e0 nos conditions d&#8217;utilisation.<\/li>\n<li><u>Communication marketing<\/u> : Nous pouvons traiter vos donn\u00e9es personnelles pour vous fournir du mat\u00e9riel marketing et promotionnel sur nos produits et services. Si nous le faisons, chaque communication que nous vous enverrons contiendra des instructions vous permettant de refuser de recevoir de futures communications de cette nature.\u00a0 La base juridique de ce traitement est votre consentement.\u00a0 De plus, si vous consentez \u00e0 participer \u00e0 notre loterie, concours ou autres promotions, nous pouvons utiliser vos donn\u00e9es personnelles pour g\u00e9rer ces activit\u00e9s.<\/li>\n<li><u>Personnalisation<\/u>: nous pouvons traiter les donn\u00e9es de votre compte et de votre profil, les donn\u00e9es d&#8217;utilisation, les informations sur l&#8217;appareil pour personnaliser la conception des produits et vous fournir des services sur mesure, tels que la recommandation et l&#8217;affichage d&#8217;informations et de publicit\u00e9s concernant les produits qui vous conviennent, et pour vous inviter \u00e0 participer.\u00a0 dans des enqu\u00eates relatives \u00e0 votre utilisation de nos Produits.\u00a0 La base juridique de ce traitement est votre consentement.<\/li>\n<li><u>Conformit\u00e9 l\u00e9gale<\/u> : Nous pouvons traiter vos donn\u00e9es personnelles si nous le jugeons n\u00e9cessaire ou appropri\u00e9 : (a) pour nous conformer aux lois et r\u00e9glementations applicables ; (b) pour se conformer \u00e0 la proc\u00e9dure judiciaire\u00a0;\u00a0 (c) pour r\u00e9pondre aux demandes des autorit\u00e9s publiques et gouvernementales (d) pour faire respecter nos conditions g\u00e9n\u00e9rales ;\u00a0 (e) pour prot\u00e9ger nos op\u00e9rations, nos activit\u00e9s et nos syst\u00e8mes\u00a0;\u00a0 (f) pour prot\u00e9ger nos droits, notre vie priv\u00e9e, notre s\u00e9curit\u00e9 ou nos biens, et\/ou ceux des autres utilisateurs, y compris vous\u00a0;\u00a0 et (g) pour nous permettre de poursuivre les recours disponibles ou de limiter les dommages que nous pourrions subir.<\/li>\n<\/ul>\n<p><strong>Avec qui partageons-nous les donn\u00e9es personnelles\u00a0?<\/strong><\/p>\n<p>Chez <u>Zutto Technologies<\/u>, nous ne partageons les donn\u00e9es personnelles que de la mani\u00e8re dont nous vous en informons.\u00a0 Nous pouvons partager vos donn\u00e9es personnelles avec les destinataires suivants\u00a0:<\/p>\n<ul>\n<li>\u00c0 nos fournisseurs de services tiers qui ex\u00e9cutent certaines fonctions commerciales pour nous, telles que l&#8217;h\u00e9bergement de sites Web, l&#8217;analyse de donn\u00e9es, le traitement des paiements et des cartes de cr\u00e9dit, la fourniture d&#8217;infrastructures, les services informatiques, le service d&#8217;assistance \u00e0 la client\u00e8le, les services de livraison de courrier \u00e9lectronique et autres services similaires services pour leur permettre de nous fournir des services.<\/li>\n<li>\u00c0 nos clients et autres partenaires commerciaux qui vous fournissent, directement ou indirectement, vos appareils intelligents et\/ou les r\u00e9seaux et syst\u00e8mes par lesquels vous acc\u00e9dez et utilisez nos sites et services.<\/li>\n<li>\u00c0 une soci\u00e9t\u00e9 affili\u00e9e ou \u00e0 un autre tiers en cas de r\u00e9organisation, de fusion, de vente, de coentreprise, de cession, de transfert ou de toute autre disposition de tout ou partie de nos activit\u00e9s, actifs ou actions (y compris, sans s&#8217;y limiter, dans le cadre d&#8217;une faillite ou d&#8217;une situation similaire proc\u00e9dure).\u00a0 Dans un tel cas, vous serez inform\u00e9 par e-mail et\/ou par un avis visible sur notre site Web de tout changement de propri\u00e9t\u00e9, de nouvelles utilisations incompatibles de vos donn\u00e9es personnelles et des choix que vous pourriez avoir concernant vos donn\u00e9es personnelles.<\/li>\n<li>Comme nous le jugeons n\u00e9cessaire ou appropri\u00e9 : (a) pour se conformer aux lois et r\u00e9glementations applicables ; (b) pour se conformer \u00e0 la proc\u00e9dure judiciaire\u00a0;\u00a0 (c) pour r\u00e9pondre aux demandes des autorit\u00e9s publiques et gouvernementales, y compris les autorit\u00e9s publiques et gouvernementales en dehors de votre pays de r\u00e9sidence\u00a0;\u00a0 (d) pour faire respecter nos termes et conditions ;\u00a0 (e) pour prot\u00e9ger nos op\u00e9rations, nos activit\u00e9s et nos syst\u00e8mes\u00a0;\u00a0 (f) pour prot\u00e9ger nos droits, notre vie priv\u00e9e, notre s\u00e9curit\u00e9 ou nos biens, et\/ou ceux des autres utilisateurs, y compris vous\u00a0;\u00a0 et (g) pour nous permettre de poursuivre les recours disponibles ou de limiter les dommages que nous pourrions subir.<\/li>\n<li>Aux filiales ou soci\u00e9t\u00e9s affili\u00e9es au sein de notre famille d&#8217;entreprises, pour mener \u00e0 bien des activit\u00e9s commerciales r\u00e9guli\u00e8res.<\/li>\n<\/ul>\n<p>\u00c0 l&#8217;exception des tiers d\u00e9crits ci-dessus, \u00e0 des tiers uniquement avec votre consentement.<\/p>\n<p><strong>Transfert international des informations collect\u00e9es<\/strong><\/p>\n<p>Pour faciliter nos op\u00e9rations, nous pouvons transf\u00e9rer, stocker et traiter vos donn\u00e9es personnelles dans des juridictions autres que celle o\u00f9 vous vivez.\u00a0 Les lois de ces pays peuvent diff\u00e9rer des lois applicables \u00e0 votre pays de r\u00e9sidence.<\/p>\n<p><strong>Vos droits relatifs \u00e0 vos donn\u00e9es personnelles<\/strong><\/p>\n<p>Nous respectons vos droits et le contr\u00f4le de vos donn\u00e9es personnelles.\u00a0 Vous pouvez exercer l&#8217;un des droits suivants\u00a0:<\/p>\n<p>Via le \u00ab Profil \u2013 Centre personnel \u00bb dans nos Produits<\/p>\n<p>Vous n&#8217;avez pas \u00e0 payer de frais et nous nous efforcerons de vous r\u00e9pondre dans les 30 jours.\u00a0 Si vous d\u00e9cidez de nous envoyer un e-mail, dans votre demande, veuillez indiquer clairement les informations que vous souhaitez voir modifi\u00e9es, si vous souhaitez que vos donn\u00e9es personnelles soient supprim\u00e9es de notre base de donn\u00e9es ou autrement, faites-nous savoir quelles limitations vous souhaitez mettre sur notre\u00a0 l&#8217;utilisation de vos donn\u00e9es personnelles.\u00a0 Veuillez noter que nous pouvons vous demander de v\u00e9rifier votre identit\u00e9 avant de donner suite \u00e0 votre demande, pour des raisons de s\u00e9curit\u00e9.<\/p>\n<p><strong>Tu peux<\/strong>:<\/p>\n<ul>\n<li>Demander l&#8217;acc\u00e8s aux donn\u00e9es personnelles que nous traitons \u00e0 votre sujet\u00a0;<\/li>\n<\/ul>\n<p>demander que nous corrigions des donn\u00e9es personnelles inexactes ou incompl\u00e8tes vous concernant\u00a0;<\/p>\n<ul>\n<li>Demander la suppression des Donn\u00e9es Personnelles vous concernant\u00a0;<\/li>\n<li>Demander des restrictions, temporaires ou permanentes, sur notre traitement de tout ou partie des Donn\u00e9es personnelles vous concernant\u00a0;<\/li>\n<li>Demander le transfert de Donn\u00e9es personnelles \u00e0 vous ou \u00e0 un tiers lorsque nous traitons les donn\u00e9es sur la base de votre consentement ou d&#8217;un contrat avec vous, et lorsque notre traitement est automatis\u00e9\u00a0; et<\/li>\n<li>Refuser ou s&#8217;opposer \u00e0 notre utilisation des donn\u00e9es personnelles vous concernant lorsque notre utilisation est bas\u00e9e sur votre consentement ou nos int\u00e9r\u00eats l\u00e9gitimes.<\/li>\n<\/ul>\n<p><strong>S\u00e9curit\u00e9<\/strong><\/p>\n<p>Nous utilisons des mesures de protection physiques, administratives et techniques commercialement raisonnables pour pr\u00e9server l&#8217;int\u00e9grit\u00e9 et la s\u00e9curit\u00e9 de vos donn\u00e9es personnelles.\u00a0 Zutto Technologies fournit diverses strat\u00e9gies de s\u00e9curit\u00e9 pour assurer efficacement la s\u00e9curit\u00e9 des donn\u00e9es de l&#8217;utilisateur et de l&#8217;appareil.\u00a0 En ce qui concerne l&#8217;acc\u00e8s aux appareils, des algorithmes propri\u00e9taires de Zutto Technologies sont utilis\u00e9s pour assurer l&#8217;isolation des donn\u00e9es, l&#8217;authentification de l&#8217;acc\u00e8s et la demande d&#8217;autorisation.\u00a0 En ce qui concerne la communication de donn\u00e9es, la communication utilisant des algorithmes de s\u00e9curit\u00e9 et des protocoles de cryptage de transmission et la transmission de cryptage d&#8217;informations de niveau commercial bas\u00e9e sur des cl\u00e9s dynamiques sont prises en charge.\u00a0 En ce qui concerne le traitement des donn\u00e9es, un filtrage et une validation stricts des donn\u00e9es et un audit complet des donn\u00e9es sont appliqu\u00e9s.\u00a0 En ce qui concerne le stockage des donn\u00e9es, toutes les informations confidentielles des utilisateurs seront crypt\u00e9es en toute s\u00e9curit\u00e9 pour le stockage.\u00a0 Si vous avez des raisons de croire que votre interaction avec nous n&#8217;est plus s\u00e9curis\u00e9e (par exemple, si vous pensez que la s\u00e9curit\u00e9 de tout compte que vous pourriez avoir avec nous a \u00e9t\u00e9 compromise), vous pouvez imm\u00e9diatement nous informer du probl\u00e8me en envoyant un e-mail \u00e0<\/p>\n<p>privacidad@lloydselectronica.com<\/p>\n<p><strong>La conservation des donn\u00e9es<\/strong><\/p>\n<p>Nous traitons vos donn\u00e9es personnelles pendant la p\u00e9riode minimale n\u00e9cessaire aux fins \u00e9nonc\u00e9es dans la pr\u00e9sente politique de confidentialit\u00e9, sauf si une obligation l\u00e9gale sp\u00e9cifique nous oblige \u00e0 conserver les donn\u00e9es pendant une p\u00e9riode de conservation plus longue.\u00a0 Nous d\u00e9terminons la p\u00e9riode de conservation appropri\u00e9e en fonction de la quantit\u00e9, de la nature et de la sensibilit\u00e9 de vos donn\u00e9es personnelles, et apr\u00e8s la fin de la p\u00e9riode de conservation, nous d\u00e9truirons vos donn\u00e9es personnelles.\u00a0 Lorsque nous ne sommes pas en mesure de le faire pour des raisons techniques, nous veillerons \u00e0 ce que des mesures appropri\u00e9es soient mises en place pour emp\u00eacher toute nouvelle utilisation de vos donn\u00e9es personnelles.<\/p>\n<p><strong>Modifications de cette politique de confidentialit\u00e9<\/strong><\/p>\n<p>Nous pouvons mettre \u00e0 jour cette politique de confidentialit\u00e9 pour refl\u00e9ter les modifications apport\u00e9es \u00e0 nos pratiques en mati\u00e8re d&#8217;informations.\u00a0 Si nous apportons des modifications importantes, nous vous en informerons par e-mail (envoy\u00e9 \u00e0 l&#8217;adresse e-mail indiqu\u00e9e dans votre compte) ou au moyen d&#8217;un avis dans les applications mobiles avant que la modification ne devienne effective.\u00a0 Nous vous encourageons \u00e0 consulter p\u00e9riodiquement cette page pour obtenir les derni\u00e8res informations sur nos pratiques en mati\u00e8re de confidentialit\u00e9.<\/p>\n<p><strong>Nous contacter<\/strong><\/p>\n<p>Si vous avez des questions sur nos pratiques ou cette politique de confidentialit\u00e9, veuillez nous contacter comme suit\u00a0:<\/p>\n<p>Zutto Technologies S.A. de C.V.<\/p>\n<p>Adresse postale : Av.\u00a0 Ej\u00e9rcito Nacional 505-1602 Colonel Granada, C.P.\u00a0 11520, Miguel Hidalgo, CDMX, Mexique<\/p>\n<p>Courriel : <a href=\"mailto:contacto@lloydselectronica.com\">contacto@lloydselectronica.com<\/a>[\/vc_column_text][\/vc_column][\/vc_row]<\/p>\n<\/div>","protected":false},"excerpt":{"rendered":"<p>[vc_row][vc_column][vc_column_text]Date d&#8217;entr\u00e9e en vigueur\u00a0: 01\/06\/2020 Mis \u00e0 jour\u00a0: 01\/06\/2020 Zutto Technologies et ses filiales (\u00ab nous \u00bb, \u00ab notre \u00bb, \u00ab nos \u00bb, \u00ab Zutto Technologies \u00bb) s&#8217;engagent \u00e0 prot\u00e9ger votre vie priv\u00e9e.\u00a0 Cette politique de confidentialit\u00e9 (\u00ab\u00a0Politique\u00a0\u00bb) d\u00e9crit nos pratiques en mati\u00e8re de confidentialit\u00e9 des informations sur les donn\u00e9es personnelles que nous traitons par [&hellip;]<\/p>\n","protected":false},"author":1,"featured_media":0,"parent":0,"menu_order":0,"comment_status":"closed","ping_status":"closed","template":"","meta":{"_glsr_average":0,"_glsr_ranking":0,"_glsr_reviews":0,"footnotes":""},"class_list":["post-7305","page","type-page","status-publish","hentry","singlePost singleLargePost"],"_links":{"self":[{"href":"https:\/\/lloydscorp.com\/fr\/wp-json\/wp\/v2\/pages\/7305","targetHints":{"allow":["GET"]}}],"collection":[{"href":"https:\/\/lloydscorp.com\/fr\/wp-json\/wp\/v2\/pages"}],"about":[{"href":"https:\/\/lloydscorp.com\/fr\/wp-json\/wp\/v2\/types\/page"}],"author":[{"embeddable":true,"href":"https:\/\/lloydscorp.com\/fr\/wp-json\/wp\/v2\/users\/1"}],"replies":[{"embeddable":true,"href":"https:\/\/lloydscorp.com\/fr\/wp-json\/wp\/v2\/comments?post=7305"}],"version-history":[{"count":5,"href":"https:\/\/lloydscorp.com\/fr\/wp-json\/wp\/v2\/pages\/7305\/revisions"}],"predecessor-version":[{"id":7770,"href":"https:\/\/lloydscorp.com\/fr\/wp-json\/wp\/v2\/pages\/7305\/revisions\/7770"}],"wp:attachment":[{"href":"https:\/\/lloydscorp.com\/fr\/wp-json\/wp\/v2\/media?parent=7305"}],"curies":[{"name":"wp","href":"https:\/\/api.w.org\/{rel}","templated":true}]}}