{"id":7420,"date":"2022-09-07T10:56:53","date_gmt":"2022-09-07T16:56:53","guid":{"rendered":"https:\/\/lloydscorp.com\/?page_id=7420"},"modified":"2022-09-07T12:21:28","modified_gmt":"2022-09-07T18:21:28","slug":"video-interfon-a-color-de-4-3-lcd-lc-1332","status":"publish","type":"page","link":"https:\/\/lloydscorp.com\/fr\/video-interfon-a-color-de-4-3-lcd-lc-1332\/","title":{"rendered":"(Espa\u00f1ol) Video Interf\u00f3n a color de 4.3\u201d LCD (LC-1332)"},"content":{"rendered":"<p class=\"qtranxs-available-languages-message qtranxs-available-languages-message-fr\">D\u00e9sol\u00e9, cet article est seulement disponible en <a href=\"https:\/\/lloydscorp.com\/es\/wp-json\/wp\/v2\/pages\/7420\" class=\"qtranxs-available-language-link qtranxs-available-language-link-es\" title=\"Espa\u00f1ol\">Espa\u00f1ol<\/a>.<\/p><div class=\"wpb-content-wrapper\"><p>[vc_row full_width=&#8221;stretch_row&#8221; full_height=&#8221;yes&#8221; content_placement=&#8221;middle&#8221; parallax=&#8221;content-moving&#8221; parallax_image=&#8221;7421&#8243;][vc_column][vc_row_inner][vc_column_inner width=&#8221;2\/3&#8243;][\/vc_column_inner][vc_column_inner width=&#8221;1\/3&#8243;][\/vc_column_inner][\/vc_row_inner][\/vc_column][\/vc_row][vc_row content_placement=&#8221;middle&#8221;][vc_column]<h1 \r\n\t        \t\t\t\tclass=\"section_title h1 animated   None\" \r\n\t        \t\t\t\tdata-delay=\"0.2s\"\r\n\t        \t\t\t\tstyle=\"color: #333333;\r\n\t\t\t\t\t\t\ttext-align: center;\r\n\t\t\t\t\t\t\tfont-weight: 300;\r\n\t\t\t\t\t\t\t\"\r\n\r\n\t        \t\t\t\t><\/p>\n<h1 style=\"text-align: center;\">Video Interf\u00f3n a color de 4.3 LCD<\/h1>\n<p><\/h1>[vc_single_image image=&#8221;7425&#8243; img_size=&#8221;large&#8221;][\/vc_column][\/vc_row][vc_row][vc_column]<h1 \r\n\t        \t\t\t\tclass=\"section_title h1 animated   None\" \r\n\t        \t\t\t\tdata-delay=\"0.2s\"\r\n\t        \t\t\t\tstyle=\"color: #333333;\r\n\t\t\t\t\t\t\ttext-align: center;\r\n\t\t\t\t\t\t\tfont-weight: 300;\r\n\t\t\t\t\t\t\t\"\r\n\r\n\t        \t\t\t\t><\/p>\n<h1 style=\"text-align: center;\">Caracter\u00edsticas<\/h1>\n<p><\/h1>[vc_row_inner][vc_column_inner width=&#8221;1\/2&#8243;]<h1 \r\n\t        \t\t\t\tclass=\"section_title h1 animated   None\" \r\n\t        \t\t\t\tdata-delay=\"0.2s\"\r\n\t        \t\t\t\tstyle=\"color: #333333;\r\n\t\t\t\t\t\t\ttext-align: center;\r\n\t\t\t\t\t\t\tfont-weight: 300;\r\n\t\t\t\t\t\t\t\"\r\n\r\n\t        \t\t\t\t><\/p>\n<h1 style=\"text-align: left;\">Monitor<\/h1>\n<p><\/h1><div \r\n\t        \t\t\t\tclass=\"section_title  animated None\" \r\n\t        \t\t\t\tdata-delay=\"0.2s\"\r\n\t        \t\t\t\t>\r\n                        <div \r\n                        \tstyle=\"color: #333333;\r\n\t\t\t\t\t\t\tfont-size: 15px;\r\n\t\t\t\t\t\t\ttext-align: left;\r\n\t\t\t\t\t\t\tline-height: 26px;\r\n\t\t\t\t\t\t\tfont-weight: 400;\r\n\t\t\t\t\t\t\t\"\r\n                        ><p>Pantalla LCD a color de 4.3\u201d<\/p>\n<\/div><\/div><div \r\n\t        \t\t\t\tclass=\"section_title  animated None\" \r\n\t        \t\t\t\tdata-delay=\"0.2s\"\r\n\t        \t\t\t\t>\r\n                        <div \r\n                        \tstyle=\"color: #333333;\r\n\t\t\t\t\t\t\tfont-size: 15px;\r\n\t\t\t\t\t\t\ttext-align: left;\r\n\t\t\t\t\t\t\tline-height: 26px;\r\n\t\t\t\t\t\t\tfont-weight: 400;\r\n\t\t\t\t\t\t\t\"\r\n                        ><p>Apertura de chapa*<\/p>\n<\/div><\/div><div \r\n\t        \t\t\t\tclass=\"section_title  animated None\" \r\n\t        \t\t\t\tdata-delay=\"0.2s\"\r\n\t        \t\t\t\t>\r\n                        <div \r\n                        \tstyle=\"color: #333333;\r\n\t\t\t\t\t\t\tfont-size: 15px;\r\n\t\t\t\t\t\t\ttext-align: left;\r\n\t\t\t\t\t\t\tline-height: 26px;\r\n\t\t\t\t\t\t\tfont-weight: 400;\r\n\t\t\t\t\t\t\t\"\r\n                        ><p>Melod\u00edas a seleccionar<\/p>\n<\/div><\/div><div \r\n\t        \t\t\t\tclass=\"section_title  animated None\" \r\n\t        \t\t\t\tdata-delay=\"0.2s\"\r\n\t        \t\t\t\t>\r\n                        <div \r\n                        \tstyle=\"color: #333333;\r\n\t\t\t\t\t\t\tfont-size: 15px;\r\n\t\t\t\t\t\t\ttext-align: left;\r\n\t\t\t\t\t\t\tline-height: 26px;\r\n\t\t\t\t\t\t\tfont-weight: 400;\r\n\t\t\t\t\t\t\t\"\r\n                        ><p>Botones t\u00e1ctiles<\/p>\n<\/div><\/div>[\/vc_column_inner][vc_column_inner width=&#8221;1\/2&#8243;]<h1 \r\n\t        \t\t\t\tclass=\"section_title h1 animated   None\" \r\n\t        \t\t\t\tdata-delay=\"0.2s\"\r\n\t        \t\t\t\tstyle=\"color: #333333;\r\n\t\t\t\t\t\t\ttext-align: center;\r\n\t\t\t\t\t\t\tfont-weight: 300;\r\n\t\t\t\t\t\t\t\"\r\n\r\n\t        \t\t\t\t><\/p>\n<h1 style=\"text-align: left;\">Frente de calle<\/h1>\n<p><\/h1><div \r\n\t        \t\t\t\tclass=\"section_title  animated None\" \r\n\t        \t\t\t\tdata-delay=\"0.2s\"\r\n\t        \t\t\t\t>\r\n                        <div \r\n                        \tstyle=\"color: #333333;\r\n\t\t\t\t\t\t\tfont-size: 15px;\r\n\t\t\t\t\t\t\ttext-align: left;\r\n\t\t\t\t\t\t\tline-height: 26px;\r\n\t\t\t\t\t\t\tfont-weight: 400;\r\n\t\t\t\t\t\t\t\"\r\n                        ><p>Visi\u00f3n nocturna<\/p>\n<\/div><\/div><div \r\n\t        \t\t\t\tclass=\"section_title  animated None\" \r\n\t        \t\t\t\tdata-delay=\"0.2s\"\r\n\t        \t\t\t\t>\r\n                        <div \r\n                        \tstyle=\"color: #333333;\r\n\t\t\t\t\t\t\tfont-size: 15px;\r\n\t\t\t\t\t\t\ttext-align: left;\r\n\t\t\t\t\t\t\tline-height: 26px;\r\n\t\t\t\t\t\t\tfont-weight: 400;\r\n\t\t\t\t\t\t\t\"\r\n                        ><p>Resistencia a la intemperie (IP44)<\/p>\n<\/div><\/div><div \r\n\t        \t\t\t\tclass=\"section_title  animated None\" \r\n\t        \t\t\t\tdata-delay=\"0.2s\"\r\n\t        \t\t\t\t>\r\n                        <div \r\n                        \tstyle=\"color: #333333;\r\n\t\t\t\t\t\t\tfont-size: 15px;\r\n\t\t\t\t\t\t\ttext-align: left;\r\n\t\t\t\t\t\t\tline-height: 26px;\r\n\t\t\t\t\t\t\tfont-weight: 400;\r\n\t\t\t\t\t\t\t\"\r\n                        ><p>\u00c1ngulo de visi\u00f3n<\/p>\n<\/div><\/div><div \r\n\t        \t\t\t\tclass=\"section_title  animated None\" \r\n\t        \t\t\t\tdata-delay=\"0.2s\"\r\n\t        \t\t\t\t>\r\n                        <div \r\n                        \tstyle=\"color: #333333;\r\n\t\t\t\t\t\t\tfont-size: 15px;\r\n\t\t\t\t\t\t\ttext-align: left;\r\n\t\t\t\t\t\t\tline-height: 26px;\r\n\t\t\t\t\t\t\tfont-weight: 400;\r\n\t\t\t\t\t\t\t\"\r\n                        ><p>Audio de dos v\u00edas<\/p>\n<\/div><\/div>[\/vc_column_inner][\/vc_row_inner][\/vc_column][\/vc_row][vc_row][vc_column][vc_single_image image=&#8221;7435&#8243; img_size=&#8221;large&#8221; alignment=&#8221;center&#8221;][\/vc_column][\/vc_row][vc_row disable_element=&#8221;yes&#8221;][vc_column][vc_video][\/vc_column][\/vc_row][vc_row][vc_column][vc_empty_space][\/vc_column][\/vc_row][vc_row][vc_column][vc_btn title=&#8221;MANUAL&#8221; shape=&#8221;round&#8221; color=&#8221;green&#8221; size=&#8221;lg&#8221; align=&#8221;center&#8221; button_block=&#8221;true&#8221; link=&#8221;url:http%3A%2F%2Flloydscorp.com%2Fwp-content%2Fuploads%2F2022%2F09%2FManual-LC-1332.pdf&#8221;][\/vc_column][\/vc_row][vc_row][vc_column][vc_empty_space][\/vc_column][\/vc_row][vc_row][vc_column][vc_raw_html]JTNDc3R5bGUlM0UlMEElMjAlMjAuY2FyZHNwYWRyZSUyMCU3QiUwQSUyMCUyMCUyMCUyMG1heC13aWR0aCUzQSUyMDExMDBweCUzQiUwQSUyMCUyMCUyMCUyMHBhZGRpbmclM0ElMjAxcmVtJTNCJTBBJTIwJTIwJTIwJTIwbWFyZ2luJTNBJTIwMCUyMGF1dG8lM0IlMEElMjAlMjAlMjAlMjBkaXNwbGF5JTNBJTIwZ3JpZCUzQiUwQSUyMCUyMCUyMCUyMGdyaWQtZ2FwJTNBJTIwMXJlbSUzQiUwQSUyMCUyMCUyMCUyMGdyaWQtdGVtcGxhdGUtY29sdW1ucyUzQSUyMHJlcGVhdCUyOGF1dG8tZml0JTJDJTIwbWlubWF4JTI4MTUwcHglMkMlMjAxZnIlMjklMjklM0IlMEElMjAlMjAlMjAlMjAlMkYlMkElMjBib3JkZXIlM0ExcHglMjBzb2xpZCUyMHJlZCUzQiUyMCUyQSUyRiUwQSUyMCUyMCU3RCUwQSUwQSUyMCUyMC5jYXJkbGxveWRzJTIwJTdCJTBBJTIwJTIwJTIwJTIwYmFja2dyb3VuZC1jb2xvciUzQSUyMHdoaXRlJTNCJTBBJTIwJTIwJTIwJTIwbWFyZ2luLWJvdHRvbSUzQSUyMC4yNXJlbSUzQiUwQSUyMCUyMCUyMCUyMG1hcmdpbi10b3AlM0ElMjAwLjI1cmVtJTNCJTBBJTIwJTIwJTIwJTIwbWFyZ2luLWxlZnQlM0ElMjAxcmVtJTNCJTBBJTIwJTIwJTIwJTIwbWFyZ2luLXJpZ2h0JTNBJTIwMXJlbSUzQiUwQSUyMCUyMCUyMCUyMHBhZGRpbmctcmlnaHQlM0ElMjBhdXRvJTNCJTBBJTIwJTIwJTIwJTIwaGVpZ2h0JTNBJTIwMTAwcHglM0IlMEElMjAlMjAlMjAlMjAlMkYlMkElMjBib3JkZXIlM0ExcHglMjBzb2xpZCUyMGdyYXklM0IlMjAlMkElMkYlMEElMjAlMjAlMjAlMjBqdXN0aWZ5LWNvbnRlbnQlM0ElMjBjZW50ZXIlM0IlMEElMjAlMjAlN0QlMEElMEElMjAlMjAubG9nb2Zvb3Rlcmxsb3lkcyUyMCU3QiUwQSUyMCUyMCUyMCUyMCUyRiUyQSUyMGJvcmRlciUzQTFweCUyMHNvbGlkJTIwcmdiJTI4MTUzJTJDJTIwMTQ4JTJDJTIwMTUzJTI5JTNCJTIwJTJBJTJGJTBBJTIwJTIwJTIwJTIwaGVpZ2h0JTNBJTIwMTAwcHglM0IlMEElMjAlMjAlN0QlMEElM0MlMkZzdHlsZSUzRSUwQSUzQ2RpdiUyMGNsYXNzJTNEJTIyY2FyZHNwYWRyZSUyMiUzRSUwQSUyMCUyMCUzQyUyMS0tJTIwSG9tZSUyMERlcG90JTIwLS0lM0UlMEElMjAlMjAlM0NkaXYlMjBjbGFzcyUzRCUyMmNhcmRsbG95ZHMlMjIlM0UlM0NhJTBBJTIwJTIwJTIwJTIwJTIwJTIwaHJlZiUzRCUyMmh0dHBzJTNBJTJGJTJGd3d3LmhvbWVkZXBvdC5jb20ubXglMkZTZWFyY2hEaXNwbGF5JTNGY2F0ZWdvcnlJZCUzRCUyNnN0b3JlSWQlM0QxMDM1MSUyNmNhdGFsb2dJZCUzRDEwMTAxJTI2bGFuZ0lkJTNELTUlMjZzVHlwZSUzRFNpbXBsZVNlYXJjaCUyNnJlc3VsdENhdEVudHJ5VHlwZSUzRDIlMjZzaG93UmVzdWx0c1BhZ2UlM0R0cnVlJTI2c2VhcmNoU291cmNlJTNEUSUyNnBhZ2VWaWV3JTNEJTI2YmVnaW5JbmRleCUzRDAlMjZwYWdlU2l6ZSUzRDIwJTI2c2VhcmNoVGVybSUzRGxsb3lkcyUyM2ZhY2V0JTNBLTEwMDI2NTY4ODY2NTc4Njc2OTY4MzI3Mjc5Nzc2OSUyQy0xMDAyNzY3Njc5ODk2ODgzJTI2cHJvZHVjdEJlZ2luSW5kZXglM0EwJTI2ZmFjZXRMaW1pdCUzQSUyNm9yZGVyQnklM0ElMjZwYWdlVmlldyUzQWdyaWQlMjZtaW5QcmljZSUzQSUyNm1heFByaWNlJTNBJTI2cGFnZVNpemUlM0ElMjYlMjIlM0UlM0NpbWclMEElMjAlMjAlMjAlMjAlMjAlMjAlMjAlMjBjbGFzcyUzRCUyMmxvZ29mb290ZXJsbG95ZHMlMjIlMjBzcmMlM0QlMjJodHRwJTNBJTJGJTJGbGxveWRzY29ycC5jb20lMkZ3cC1jb250ZW50JTJGdXBsb2FkcyUyRjIwMjAlMkYxMSUyRnRoZWhvbWVkZXBvdF8xNTAucG5nJTIyJTIwYWx0JTNEJTIyJTIyJTNFJTNDJTJGYSUzRSUwQSUyMCUyMCUzQyUyRmRpdiUzRSUwQSUyMCUyMCUzQyUyMS0tJTIwTWVyY2FkbyUyMExpYnJlJTIwLS0lM0UlMEElMjAlMjAlM0NkaXYlMjBjbGFzcyUzRCUyMmNhcmRsbG95ZHMlMjIlM0UlM0NhJTIwaHJlZiUzRCUyMmh0dHBzJTNBJTJGJTJGbGlzdGFkby5tZXJjYWRvbGlicmUuY29tLm14JTJGX0N1c3RJZF80OTE1Mjg4MTclMjIlM0UlM0NpbWclMjBjbGFzcyUzRCUyMmxvZ29mb290ZXJsbG95ZHMlMjIlMEElMjAlMjAlMjAlMjAlMjAlMjAlMjAlMjBzcmMlM0QlMjJodHRwJTNBJTJGJTJGbGxveWRzY29ycC5jb20lMkZ3cC1jb250ZW50JTJGdXBsb2FkcyUyRjIwMjAlMkYxMSUyRm1lcmNhZG9saWJyZV8xNTAucG5nJTIyJTIwYWx0JTNEJTIyJTIyJTNFJTNDJTJGYSUzRSUzQyUyRmRpdiUzRSUwQSUyMCUyMCUzQyUyMS0tJTIwQ2hlZHJhdWklMjAtLSUzRSUwQSUyMCUyMCUzQ2RpdiUyMGNsYXNzJTNEJTIyY2FyZGxsb3lkcyUyMiUzRSUzQ2ElMjBocmVmJTNEJTIyaHR0cHMlM0ElMkYlMkZ3d3cuY2hlZHJhdWkuY29tLm14JTJGc2VhcmNoJTNGdGV4dCUzRGxsb3lkJTI1QzIlMjVCNHMlMjUyMExDLSUyMiUzRSUzQ2ltZyUwQSUyMCUyMCUyMCUyMCUyMCUyMCUyMCUyMGNsYXNzJTNEJTIybG9nb2Zvb3Rlcmxsb3lkcyUyMiUyMHNyYyUzRCUyMmh0dHAlM0ElMkYlMkZsbG95ZHNjb3JwLmNvbSUyRndwLWNvbnRlbnQlMkZ1cGxvYWRzJTJGMjAyMCUyRjExJTJGY2hlZHJhdWlfMTUwLnBuZyUyMiUyMGFsdCUzRCUyMiUyMiUzRSUzQyUyRmElM0UlMEElMjAlMjAlM0MlMkZkaXYlM0UlMEElMjAlMjAlM0MlMjEtLSUyMEFtYXpvbiUyMC0tJTNFJTBBJTIwJTIwJTNDZGl2JTIwY2xhc3MlM0QlMjJjYXJkbGxveWRzJTIyJTNFJTNDYSUwQSUyMCUyMCUyMCUyMCUyMCUyMGhyZWYlM0QlMjJodHRwcyUzQSUyRiUyRnd3dy5hbWF6b24uY29tLm14JTJGc3RvcmVzJTJGbm9kZSUyRjE5ODgyNTA0MDExJTNGX2VuY29kaW5nJTNEVVRGOCUyNmZpZWxkLWxicl9icmFuZHNfYnJvd3NlLWJpbiUzRExsb3lkJTI1MjdzJTI2cmVmXyUzRGJsX2RwX3Nfd2ViXzE5ODgyNTA0MDExJTIyJTNFJTNDaW1nJTBBJTIwJTIwJTIwJTIwJTIwJTIwJTIwJTIwY2xhc3MlM0QlMjJsb2dvZm9vdGVybGxveWRzJTIyJTIwc3JjJTNEJTIyaHR0cCUzQSUyRiUyRmxsb3lkc2NvcnAuY29tJTJGd3AtY29udGVudCUyRnVwbG9hZHMlMkYyMDIwJTJGMTElMkZhbWF6b25fMTUwLnBuZyUyMiUyMGFsdCUzRCUyMiUyMiUzRSUzQyUyRmElM0UlM0MlMkZkaXYlM0UlMEElMjAlMjAlM0MlMjEtLSUyMEJlc3QlMjBCdXklMjAtLSUzRSUwQSUyMCUyMCUzQ2RpdiUyMGNsYXNzJTNEJTIyY2FyZGxsb3lkcyUyMiUzRSUzQ2ElMEElMjAlMjAlMjAlMjAlMjAlMjBocmVmJTNEJTIyaHR0cHMlM0ElMkYlMkZ3d3cuYmVzdGJ1eS5jb20ubXglMkZjJTJGYnVzY2FyLWJlc3QtYnV5JTJGYnVzY2FyJTNGcXVlcnklM0RMQyUyNnNvcnQlM0RCZXN0LU1hdGNoJTI2cGFnZSUzRDElMjZicmFuZF9mYWNldCUzRExsb3lkJTI1MjdzJTIyJTNFJTNDaW1nJTBBJTIwJTIwJTIwJTIwJTIwJTIwJTIwJTIwY2xhc3MlM0QlMjJsb2dvZm9vdGVybGxveWRzJTIyJTIwc3JjJTNEJTIyaHR0cCUzQSUyRiUyRmxsb3lkc2NvcnAuY29tJTJGd3AtY29udGVudCUyRnVwbG9hZHMlMkYyMDIwJTJGMTElMkZiZXN0YnV5XzE1MC5wbmclMjIlMjBhbHQlM0QlMjIlMjIlM0UlM0MlMkZhJTNFJTBBJTIwJTIwJTNDJTJGZGl2JTNFJTBBJTIwJTIwJTNDJTIxLS0lMjBDb3BwZWwlMjAtLSUzRSUwQSUyMCUyMCUzQ2RpdiUyMGNsYXNzJTNEJTIyY2FyZGxsb3lkcyUyMiUzRSUzQ2ElMEElMjAlMjAlMjAlMjAlMjAlMjBocmVmJTNEJTIyaHR0cHMlM0ElMkYlMkZ3d3cuY29wcGVsLmNvbSUyRlNlYXJjaERpc3BsYXklM0ZjYXRlZ29yeUlkJTNEJTI2c3RvcmVJZCUzRDEyNzYxJTI2Y2F0YWxvZ0lkJTNEMTAwMDElMjZsYW5nSWQlM0QtNSUyNnNUeXBlJTNEU2ltcGxlU2VhcmNoJTI2cmVzdWx0Q2F0RW50cnlUeXBlJTNEMiUyNnNob3dSZXN1bHRzUGFnZSUzRHRydWUlMjZzZWFyY2hTb3VyY2UlM0RRJTI2cGFnZVZpZXclM0QlMjZiZWdpbkluZGV4JTNEMCUyNnBhZ2VTaXplJTNEMTIlMjZzZWFyY2hUZXJtJTNEbGxveWRzJTIyJTNFJTNDaW1nJTBBJTIwJTIwJTIwJTIwJTIwJTIwJTIwJTIwY2xhc3MlM0QlMjJsb2dvZm9vdGVybGxveWRzJTIyJTIwc3JjJTNEJTIyaHR0cCUzQSUyRiUyRmxsb3lkc2NvcnAuY29tJTJGd3AtY29udGVudCUyRnVwbG9hZHMlMkYyMDIwJTJGMTElMkZjb3BwZWwyXzE1MC5wbmclMjIlMjBhbHQlM0QlMjIlMjIlM0UlM0MlMkZhJTNFJTBBJTIwJTIwJTNDJTJGZGl2JTNFJTBBJTBBJTIwJTIwJTNDJTIxLS0lMjBSYWRpb1NoYWNrJTIwLS0lM0UlMEElMjAlMjAlM0NkaXYlMjBjbGFzcyUzRCUyMmNhcmRsbG95ZHMlMjIlM0UlM0NhJTIwaHJlZiUzRCUyMmh0dHBzJTNBJTJGJTJGd3d3LnJhZGlvc2hhY2suY29tLm14JTJGc3RvcmUlMkZyYWRpb3NoYWNrJTJGZW4lMkZzZWFyY2glMkYlM0Z0ZXh0JTNEbGxveWRzJTIyJTNFJTNDaW1nJTBBJTIwJTIwJTIwJTIwJTIwJTIwJTIwJTIwY2xhc3MlM0QlMjJsb2dvZm9vdGVybGxveWRzJTIyJTIwc3JjJTNEJTIyaHR0cCUzQSUyRiUyRmxsb3lkc2NvcnAuY29tJTJGd3AtY29udGVudCUyRnVwbG9hZHMlMkYyMDIwJTJGMTElMkZyYWRpb3NoYWNrXzE1MC5wbmclMjIlMjBhbHQlM0QlMjIlMjIlM0UlM0MlMkZhJTNFJTBBJTIwJTIwJTNDJTJGZGl2JTNFJTBBJTIwJTIwJTNDJTIxLS0lMjBXYWxtYXJ0JTIwLS0lM0UlMEElMjAlMjAlM0NkaXYlMjBjbGFzcyUzRCUyMmNhcmRsbG95ZHMlMjIlM0UlM0NhJTBBJTIwJTIwJTIwJTIwJTIwJTIwaHJlZiUzRCUyMmh0dHBzJTNBJTJGJTJGd3d3LndhbG1hcnQuY29tLm14JTJGcHJvZHVjdG9zJTNGTnR0JTNEbGxveWRzJTI2c2l6ZSUzRDI0JTI2cGFnZSUzRDAlMjZxZiUzRGJyYW5kTmFtZSUzQWxsb3lkcyUyMiUzRSUzQ2ltZyUwQSUyMCUyMCUyMCUyMCUyMCUyMCUyMCUyMGNsYXNzJTNEJTIybG9nb2Zvb3Rlcmxsb3lkcyUyMiUyMHNyYyUzRCUyMmh0dHAlM0ElMkYlMkZsbG95ZHNjb3JwLmNvbSUyRndwLWNvbnRlbnQlMkZ1cGxvYWRzJTJGMjAyMCUyRjExJTJGd20yXzE1MC5wbmclMjIlMjBhbHQlM0QlMjIlMjIlM0UlM0MlMkZhJTNFJTNDJTJGZGl2JTNFJTBBJTIwJTIwJTNDJTIxLS0lMjBPZmZpY2UlMjBEZXBvdCUyMC0tJTNFJTBBJTIwJTIwJTNDZGl2JTIwY2xhc3MlM0QlMjJjYXJkbGxveWRzJTIyJTNFJTNDYSUyMGhyZWYlM0QlMjJodHRwcyUzQSUyRiUyRnd3dy5vZmZpY2VkZXBvdC5jb20ubXglMkZvZmZpY2VkZXBvdCUyRmVuJTJGc2VhcmNoJTJGJTNGdGV4dCUzRGxsb3lkcyUyMiUzRSUzQ2ltZyUwQSUyMCUyMCUyMCUyMCUyMCUyMCUyMCUyMGNsYXNzJTNEJTIybG9nb2Zvb3Rlcmxsb3lkcyUyMiUyMHNyYyUzRCUyMmh0dHAlM0ElMkYlMkZsbG95ZHNjb3JwLmNvbSUyRndwLWNvbnRlbnQlMkZ1cGxvYWRzJTJGMjAyMCUyRjExJTJGb2ZmaWNlZGVwb3RfMTUwLnBuZyUyMiUyMGFsdCUzRCUyMiUyMiUzRSUzQyUyRmElM0UlMEElMjAlMjAlM0MlMkZkaXYlM0UlMEElMjAlMjAlM0MlMjEtLSUyMFNhbXMlMjBDbHViJTIwLS0lM0UlMEElMjAlMjAlM0NkaXYlMjBjbGFzcyUzRCUyMmNhcmRsbG95ZHMlMjIlM0UlM0NhJTIwaHJlZiUzRCUyMmh0dHBzJTNBJTJGJTJGd3d3LnNhbXMuY29tLm14JTJGc2VhcmNoJTJGTnR0JTNEbGxveWQlMjdzJTIyJTNFJTNDaW1nJTIwY2xhc3MlM0QlMjJsb2dvZm9vdGVybGxveWRzJTIyJTBBJTIwJTIwJTIwJTIwJTIwJTIwJTIwJTIwc3JjJTNEJTIyaHR0cCUzQSUyRiUyRmxsb3lkc2NvcnAuY29tJTJGd3AtY29udGVudCUyRnVwbG9hZHMlMkYyMDIwJTJGMTElMkZzYW1zXzE1MC5wbmclMjIlMjBhbHQlM0QlMjIlMjIlM0UlM0MlMkZhJTNFJTNDJTJGZGl2JTNFJTBBJTIwJTIwJTNDJTIxLS0lMjBEbyUyMGl0JTIwQ2VudGVyJTIwLS0lM0UlMEElMjAlMjAlM0NkaXYlMjBjbGFzcyUzRCUyMmNhcmRsbG95ZHMlMjIlM0UlM0NhJTBBJTIwJTIwJTIwJTIwJTIwJTIwaHJlZiUzRCUyMmh0dHBzJTNBJTJGJTJGd3d3LmRvaXRjZW50ZXIuY29tLnBhJTJGcGFnZXMlMkZzZWFyY2gtcmVzdWx0cyUzRmZpbHRlcnMlMjU1QmJyYW5kJTI1NUQlMjU1QjAlMjU1RCUzRExMT1lEUyUyNnElM0RsbG95ZHMlMjIlM0UlM0NpbWclMEElMjAlMjAlMjAlMjAlMjAlMjAlMjAlMjBjbGFzcyUzRCUyMmxvZ29mb290ZXJsbG95ZHMlMjIlMjBzcmMlM0QlMjJodHRwJTNBJTJGJTJGbGxveWRzY29ycC5jb20lMkZ3cC1jb250ZW50JTJGdXBsb2FkcyUyRjIwMjAlMkYxMSUyRmRvaXRjZW50ZXIyXzE1MC5wbmclMjIlMjBhbHQlM0QlMjIlMjIlM0UlM0MlMkZhJTNFJTBBJTIwJTIwJTNDJTJGZGl2JTNFJTBBJTBBJTNDJTJGZGl2JTNF[\/vc_raw_html][\/vc_column][\/vc_row]<\/p>\n<\/div>","protected":false},"excerpt":{"rendered":"<p>D\u00e9sol\u00e9, cet article est seulement disponible en Espa\u00f1ol.[vc_row full_width=&#8221;stretch_row&#8221; full_height=&#8221;yes&#8221; content_placement=&#8221;middle&#8221; parallax=&#8221;content-moving&#8221; parallax_image=&#8221;7421&#8243;][vc_column][vc_row_inner][vc_column_inner width=&#8221;2\/3&#8243;][\/vc_column_inner][vc_column_inner width=&#8221;1\/3&#8243;][\/vc_column_inner][\/vc_row_inner][\/vc_column][\/vc_row][vc_row content_placement=&#8221;middle&#8221;][vc_column][vc_single_image image=&#8221;7425&#8243; img_size=&#8221;large&#8221;][\/vc_column][\/vc_row][vc_row][vc_column][vc_row_inner][vc_column_inner width=&#8221;1\/2&#8243;][\/vc_column_inner][vc_column_inner width=&#8221;1\/2&#8243;][\/vc_column_inner][\/vc_row_inner][\/vc_column][\/vc_row][vc_row][vc_column][vc_single_image image=&#8221;7435&#8243; img_size=&#8221;large&#8221; alignment=&#8221;center&#8221;][\/vc_column][\/vc_row][vc_row disable_element=&#8221;yes&#8221;][vc_column][vc_video][\/vc_column][\/vc_row][vc_row][vc_column][vc_empty_space][\/vc_column][\/vc_row][vc_row][vc_column][vc_btn title=&#8221;MANUAL&#8221; shape=&#8221;round&#8221; color=&#8221;green&#8221; size=&#8221;lg&#8221; align=&#8221;center&#8221; button_block=&#8221;true&#8221; link=&#8221;url:http%3A%2F%2Flloydscorp.com%2Fwp-content%2Fuploads%2F2022%2F09%2FManual-LC-1332.pdf&#8221;][\/vc_column][\/vc_row][vc_row][vc_column][vc_empty_space][\/vc_column][\/vc_row][vc_row][vc_column][vc_raw_html]JTNDc3R5bGUlM0UlMEElMjAlMjAuY2FyZHNwYWRyZSUyMCU3QiUwQSUyMCUyMCUyMCUyMG1heC13aWR0aCUzQSUyMDExMDBweCUzQiUwQSUyMCUyMCUyMCUyMHBhZGRpbmclM0ElMjAxcmVtJTNCJTBBJTIwJTIwJTIwJTIwbWFyZ2luJTNBJTIwMCUyMGF1dG8lM0IlMEElMjAlMjAlMjAlMjBkaXNwbGF5JTNBJTIwZ3JpZCUzQiUwQSUyMCUyMCUyMCUyMGdyaWQtZ2FwJTNBJTIwMXJlbSUzQiUwQSUyMCUyMCUyMCUyMGdyaWQtdGVtcGxhdGUtY29sdW1ucyUzQSUyMHJlcGVhdCUyOGF1dG8tZml0JTJDJTIwbWlubWF4JTI4MTUwcHglMkMlMjAxZnIlMjklMjklM0IlMEElMjAlMjAlMjAlMjAlMkYlMkElMjBib3JkZXIlM0ExcHglMjBzb2xpZCUyMHJlZCUzQiUyMCUyQSUyRiUwQSUyMCUyMCU3RCUwQSUwQSUyMCUyMC5jYXJkbGxveWRzJTIwJTdCJTBBJTIwJTIwJTIwJTIwYmFja2dyb3VuZC1jb2xvciUzQSUyMHdoaXRlJTNCJTBBJTIwJTIwJTIwJTIwbWFyZ2luLWJvdHRvbSUzQSUyMC4yNXJlbSUzQiUwQSUyMCUyMCUyMCUyMG1hcmdpbi10b3AlM0ElMjAwLjI1cmVtJTNCJTBBJTIwJTIwJTIwJTIwbWFyZ2luLWxlZnQlM0ElMjAxcmVtJTNCJTBBJTIwJTIwJTIwJTIwbWFyZ2luLXJpZ2h0JTNBJTIwMXJlbSUzQiUwQSUyMCUyMCUyMCUyMHBhZGRpbmctcmlnaHQlM0ElMjBhdXRvJTNCJTBBJTIwJTIwJTIwJTIwaGVpZ2h0JTNBJTIwMTAwcHglM0IlMEElMjAlMjAlMjAlMjAlMkYlMkElMjBib3JkZXIlM0ExcHglMjBzb2xpZCUyMGdyYXklM0IlMjAlMkElMkYlMEElMjAlMjAlMjAlMjBqdXN0aWZ5LWNvbnRlbnQlM0ElMjBjZW50ZXIlM0IlMEElMjAlMjAlN0QlMEElMEElMjAlMjAubG9nb2Zvb3Rlcmxsb3lkcyUyMCU3QiUwQSUyMCUyMCUyMCUyMCUyRiUyQSUyMGJvcmRlciUzQTFweCUyMHNvbGlkJTIwcmdiJTI4MTUzJTJDJTIwMTQ4JTJDJTIwMTUzJTI5JTNCJTIwJTJBJTJGJTBBJTIwJTIwJTIwJTIwaGVpZ2h0JTNBJTIwMTAwcHglM0IlMEElMjAlMjAlN0QlMEElM0MlMkZzdHlsZSUzRSUwQSUzQ2RpdiUyMGNsYXNzJTNEJTIyY2FyZHNwYWRyZSUyMiUzRSUwQSUyMCUyMCUzQyUyMS0tJTIwSG9tZSUyMERlcG90JTIwLS0lM0UlMEElMjAlMjAlM0NkaXYlMjBjbGFzcyUzRCUyMmNhcmRsbG95ZHMlMjIlM0UlM0NhJTBBJTIwJTIwJTIwJTIwJTIwJTIwaHJlZiUzRCUyMmh0dHBzJTNBJTJGJTJGd3d3LmhvbWVkZXBvdC5jb20ubXglMkZTZWFyY2hEaXNwbGF5JTNGY2F0ZWdvcnlJZCUzRCUyNnN0b3JlSWQlM0QxMDM1MSUyNmNhdGFsb2dJZCUzRDEwMTAxJTI2bGFuZ0lkJTNELTUlMjZzVHlwZSUzRFNpbXBsZVNlYXJjaCUyNnJlc3VsdENhdEVudHJ5VHlwZSUzRDIlMjZzaG93UmVzdWx0c1BhZ2UlM0R0cnVlJTI2c2VhcmNoU291cmNlJTNEUSUyNnBhZ2VWaWV3JTNEJTI2YmVnaW5JbmRleCUzRDAlMjZwYWdlU2l6ZSUzRDIwJTI2c2VhcmNoVGVybSUzRGxsb3lkcyUyM2ZhY2V0JTNBLTEwMDI2NTY4ODY2NTc4Njc2OTY4MzI3Mjc5Nzc2OSUyQy0xMDAyNzY3Njc5ODk2ODgzJTI2cHJvZHVjdEJlZ2luSW5kZXglM0EwJTI2ZmFjZXRMaW1pdCUzQSUyNm9yZGVyQnklM0ElMjZwYWdlVmlldyUzQWdyaWQlMjZtaW5QcmljZSUzQSUyNm1heFByaWNlJTNBJTI2cGFnZVNpemUlM0ElMjYlMjIlM0UlM0NpbWclMEElMjAlMjAlMjAlMjAlMjAlMjAlMjAlMjBjbGFzcyUzRCUyMmxvZ29mb290ZXJsbG95ZHMlMjIlMjBzcmMlM0QlMjJodHRwJTNBJTJGJTJGbGxveWRzY29ycC5jb20lMkZ3cC1jb250ZW50JTJGdXBsb2FkcyUyRjIwMjAlMkYxMSUyRnRoZWhvbWVkZXBvdF8xNTAucG5nJTIyJTIwYWx0JTNEJTIyJTIyJTNFJTNDJTJGYSUzRSUwQSUyMCUyMCUzQyUyRmRpdiUzRSUwQSUyMCUyMCUzQyUyMS0tJTIwTWVyY2FkbyUyMExpYnJlJTIwLS0lM0UlMEElMjAlMjAlM0NkaXYlMjBjbGFzcyUzRCUyMmNhcmRsbG95ZHMlMjIlM0UlM0NhJTIwaHJlZiUzRCUyMmh0dHBzJTNBJTJGJTJGbGlzdGFkby5tZXJjYWRvbGlicmUuY29tLm14JTJGX0N1c3RJZF80OTE1Mjg4MTclMjIlM0UlM0NpbWclMjBjbGFzcyUzRCUyMmxvZ29mb290ZXJsbG95ZHMlMjIlMEElMjAlMjAlMjAlMjAlMjAlMjAlMjAlMjBzcmMlM0QlMjJodHRwJTNBJTJGJTJGbGxveWRzY29ycC5jb20lMkZ3cC1jb250ZW50JTJGdXBsb2FkcyUyRjIwMjAlMkYxMSUyRm1lcmNhZG9saWJyZV8xNTAucG5nJTIyJTIwYWx0JTNEJTIyJTIyJTNFJTNDJTJGYSUzRSUzQyUyRmRpdiUzRSUwQSUyMCUyMCUzQyUyMS0tJTIwQ2hlZHJhdWklMjAtLSUzRSUwQSUyMCUyMCUzQ2RpdiUyMGNsYXNzJTNEJTIyY2FyZGxsb3lkcyUyMiUzRSUzQ2ElMjBocmVmJTNEJTIyaHR0cHMlM0ElMkYlMkZ3d3cuY2hlZHJhdWkuY29tLm14JTJGc2VhcmNoJTNGdGV4dCUzRGxsb3lkJTI1QzIlMjVCNHMlMjUyMExDLSUyMiUzRSUzQ2ltZyUwQSUyMCUyMCUyMCUyMCUyMCUyMCUyMCUyMGNsYXNzJTNEJTIybG9nb2Zvb3Rlcmxsb3lkcyUyMiUyMHNyYyUzRCUyMmh0dHAlM0ElMkYlMkZsbG95ZHNjb3JwLmNvbSUyRndwLWNvbnRlbnQlMkZ1cGxvYWRzJTJGMjAyMCUyRjExJTJGY2hlZHJhdWlfMTUwLnBuZyUyMiUyMGFsdCUzRCUyMiUyMiUzRSUzQyUyRmElM0UlMEElMjAlMjAlM0MlMkZkaXYlM0UlMEElMjAlMjAlM0MlMjEtLSUyMEFtYXpvbiUyMC0tJTNFJTBBJTIwJTIwJTNDZGl2JTIwY2xhc3MlM0QlMjJjYXJkbGxveWRzJTIyJTNFJTNDYSUwQSUyMCUyMCUyMCUyMCUyMCUyMGhyZWYlM0QlMjJodHRwcyUzQSUyRiUyRnd3dy5hbWF6b24uY29tLm14JTJGc3RvcmVzJTJGbm9kZSUyRjE5ODgyNTA0MDExJTNGX2VuY29kaW5nJTNEVVRGOCUyNmZpZWxkLWxicl9icmFuZHNfYnJvd3NlLWJpbiUzRExsb3lkJTI1MjdzJTI2cmVmXyUzRGJsX2RwX3Nfd2ViXzE5ODgyNTA0MDExJTIyJTNFJTNDaW1nJTBBJTIwJTIwJTIwJTIwJTIwJTIwJTIwJTIwY2xhc3MlM0QlMjJsb2dvZm9vdGVybGxveWRzJTIyJTIwc3JjJTNEJTIyaHR0cCUzQSUyRiUyRmxsb3lkc2NvcnAuY29tJTJGd3AtY29udGVudCUyRnVwbG9hZHMlMkYyMDIwJTJGMTElMkZhbWF6b25fMTUwLnBuZyUyMiUyMGFsdCUzRCUyMiUyMiUzRSUzQyUyRmElM0UlM0MlMkZkaXYlM0UlMEElMjAlMjAlM0MlMjEtLSUyMEJlc3QlMjBCdXklMjAtLSUzRSUwQSUyMCUyMCUzQ2RpdiUyMGNsYXNzJTNEJTIyY2FyZGxsb3lkcyUyMiUzRSUzQ2ElMEElMjAlMjAlMjAlMjAlMjAlMjBocmVmJTNEJTIyaHR0cHMlM0ElMkYlMkZ3d3cuYmVzdGJ1eS5jb20ubXglMkZjJTJGYnVzY2FyLWJlc3QtYnV5JTJGYnVzY2FyJTNGcXVlcnklM0RMQyUyNnNvcnQlM0RCZXN0LU1hdGNoJTI2cGFnZSUzRDElMjZicmFuZF9mYWNldCUzRExsb3lkJTI1MjdzJTIyJTNFJTNDaW1nJTBBJTIwJTIwJTIwJTIwJTIwJTIwJTIwJTIwY2xhc3MlM0QlMjJsb2dvZm9vdGVybGxveWRzJTIyJTIwc3JjJTNEJTIyaHR0cCUzQSUyRiUyRmxsb3lkc2NvcnAuY29tJTJGd3AtY29udGVudCUyRnVwbG9hZHMlMkYyMDIwJTJGMTElMkZiZXN0YnV5XzE1MC5wbmclMjIlMjBhbHQlM0QlMjIlMjIlM0UlM0MlMkZhJTNFJTBBJTIwJTIwJTNDJTJGZGl2JTNFJTBBJTIwJTIwJTNDJTIxLS0lMjBDb3BwZWwlMjAtLSUzRSUwQSUyMCUyMCUzQ2RpdiUyMGNsYXNzJTNEJTIyY2FyZGxsb3lkcyUyMiUzRSUzQ2ElMEElMjAlMjAlMjAlMjAlMjAlMjBocmVmJTNEJTIyaHR0cHMlM0ElMkYlMkZ3d3cuY29wcGVsLmNvbSUyRlNlYXJjaERpc3BsYXklM0ZjYXRlZ29yeUlkJTNEJTI2c3RvcmVJZCUzRDEyNzYxJTI2Y2F0YWxvZ0lkJTNEMTAwMDElMjZsYW5nSWQlM0QtNSUyNnNUeXBlJTNEU2ltcGxlU2VhcmNoJTI2cmVzdWx0Q2F0RW50cnlUeXBlJTNEMiUyNnNob3dSZXN1bHRzUGFnZSUzRHRydWUlMjZzZWFyY2hTb3VyY2UlM0RRJTI2cGFnZVZpZXclM0QlMjZiZWdpbkluZGV4JTNEMCUyNnBhZ2VTaXplJTNEMTIlMjZzZWFyY2hUZXJtJTNEbGxveWRzJTIyJTNFJTNDaW1nJTBBJTIwJTIwJTIwJTIwJTIwJTIwJTIwJTIwY2xhc3MlM0QlMjJsb2dvZm9vdGVybGxveWRzJTIyJTIwc3JjJTNEJTIyaHR0cCUzQSUyRiUyRmxsb3lkc2NvcnAuY29tJTJGd3AtY29udGVudCUyRnVwbG9hZHMlMkYyMDIwJTJGMTElMkZjb3BwZWwyXzE1MC5wbmclMjIlMjBhbHQlM0QlMjIlMjIlM0UlM0MlMkZhJTNFJTBBJTIwJTIwJTNDJTJGZGl2JTNFJTBBJTBBJTIwJTIwJTNDJTIxLS0lMjBSYWRpb1NoYWNrJTIwLS0lM0UlMEElMjAlMjAlM0NkaXYlMjBjbGFzcyUzRCUyMmNhcmRsbG95ZHMlMjIlM0UlM0NhJTIwaHJlZiUzRCUyMmh0dHBzJTNBJTJGJTJGd3d3LnJhZGlvc2hhY2suY29tLm14JTJGc3RvcmUlMkZyYWRpb3NoYWNrJTJGZW4lMkZzZWFyY2glMkYlM0Z0ZXh0JTNEbGxveWRzJTIyJTNFJTNDaW1nJTBBJTIwJTIwJTIwJTIwJTIwJTIwJTIwJTIwY2xhc3MlM0QlMjJsb2dvZm9vdGVybGxveWRzJTIyJTIwc3JjJTNEJTIyaHR0cCUzQSUyRiUyRmxsb3lkc2NvcnAuY29tJTJGd3AtY29udGVudCUyRnVwbG9hZHMlMkYyMDIwJTJGMTElMkZyYWRpb3NoYWNrXzE1MC5wbmclMjIlMjBhbHQlM0QlMjIlMjIlM0UlM0MlMkZhJTNFJTBBJTIwJTIwJTNDJTJGZGl2JTNFJTBBJTIwJTIwJTNDJTIxLS0lMjBXYWxtYXJ0JTIwLS0lM0UlMEElMjAlMjAlM0NkaXYlMjBjbGFzcyUzRCUyMmNhcmRsbG95ZHMlMjIlM0UlM0NhJTBBJTIwJTIwJTIwJTIwJTIwJTIwaHJlZiUzRCUyMmh0dHBzJTNBJTJGJTJGd3d3LndhbG1hcnQuY29tLm14JTJGcHJvZHVjdG9zJTNGTnR0JTNEbGxveWRzJTI2c2l6ZSUzRDI0JTI2cGFnZSUzRDAlMjZxZiUzRGJyYW5kTmFtZSUzQWxsb3lkcyUyMiUzRSUzQ2ltZyUwQSUyMCUyMCUyMCUyMCUyMCUyMCUyMCUyMGNsYXNzJTNEJTIybG9nb2Zvb3Rlcmxsb3lkcyUyMiUyMHNyYyUzRCUyMmh0dHAlM0ElMkYlMkZsbG95ZHNjb3JwLmNvbSUyRndwLWNvbnRlbnQlMkZ1cGxvYWRzJTJGMjAyMCUyRjExJTJGd20yXzE1MC5wbmclMjIlMjBhbHQlM0QlMjIlMjIlM0UlM0MlMkZhJTNFJTNDJTJGZGl2JTNFJTBBJTIwJTIwJTNDJTIxLS0lMjBPZmZpY2UlMjBEZXBvdCUyMC0tJTNFJTBBJTIwJTIwJTNDZGl2JTIwY2xhc3MlM0QlMjJjYXJkbGxveWRzJTIyJTNFJTNDYSUyMGhyZWYlM0QlMjJodHRwcyUzQSUyRiUyRnd3dy5vZmZpY2VkZXBvdC5jb20ubXglMkZvZmZpY2VkZXBvdCUyRmVuJTJGc2VhcmNoJTJGJTNGdGV4dCUzRGxsb3lkcyUyMiUzRSUzQ2ltZyUwQSUyMCUyMCUyMCUyMCUyMCUyMCUyMCUyMGNsYXNzJTNEJTIybG9nb2Zvb3Rlcmxsb3lkcyUyMiUyMHNyYyUzRCUyMmh0dHAlM0ElMkYlMkZsbG95ZHNjb3JwLmNvbSUyRndwLWNvbnRlbnQlMkZ1cGxvYWRzJTJGMjAyMCUyRjExJTJGb2ZmaWNlZGVwb3RfMTUwLnBuZyUyMiUyMGFsdCUzRCUyMiUyMiUzRSUzQyUyRmElM0UlMEElMjAlMjAlM0MlMkZkaXYlM0UlMEElMjAlMjAlM0MlMjEtLSUyMFNhbXMlMjBDbHViJTIwLS0lM0UlMEElMjAlMjAlM0NkaXYlMjBjbGFzcyUzRCUyMmNhcmRsbG95ZHMlMjIlM0UlM0NhJTIwaHJlZiUzRCUyMmh0dHBzJTNBJTJGJTJGd3d3LnNhbXMuY29tLm14JTJGc2VhcmNoJTJGTnR0JTNEbGxveWQlMjdzJTIyJTNFJTNDaW1nJTIwY2xhc3MlM0QlMjJsb2dvZm9vdGVybGxveWRzJTIyJTBBJTIwJTIwJTIwJTIwJTIwJTIwJTIwJTIwc3JjJTNEJTIyaHR0cCUzQSUyRiUyRmxsb3lkc2NvcnAuY29tJTJGd3AtY29udGVudCUyRnVwbG9hZHMlMkYyMDIwJTJGMTElMkZzYW1zXzE1MC5wbmclMjIlMjBhbHQlM0QlMjIlMjIlM0UlM0MlMkZhJTNFJTNDJTJGZGl2JTNFJTBBJTIwJTIwJTNDJTIxLS0lMjBEbyUyMGl0JTIwQ2VudGVyJTIwLS0lM0UlMEElMjAlMjAlM0NkaXYlMjBjbGFzcyUzRCUyMmNhcmRsbG95ZHMlMjIlM0UlM0NhJTBBJTIwJTIwJTIwJTIwJTIwJTIwaHJlZiUzRCUyMmh0dHBzJTNBJTJGJTJGd3d3LmRvaXRjZW50ZXIuY29tLnBhJTJGcGFnZXMlMkZzZWFyY2gtcmVzdWx0cyUzRmZpbHRlcnMlMjU1QmJyYW5kJTI1NUQlMjU1QjAlMjU1RCUzRExMT1lEUyUyNnElM0RsbG95ZHMlMjIlM0UlM0NpbWclMEElMjAlMjAlMjAlMjAlMjAlMjAlMjAlMjBjbGFzcyUzRCUyMmxvZ29mb290ZXJsbG95ZHMlMjIlMjBzcmMlM0QlMjJodHRwJTNBJTJGJTJGbGxveWRzY29ycC5jb20lMkZ3cC1jb250ZW50JTJGdXBsb2FkcyUyRjIwMjAlMkYxMSUyRmRvaXRjZW50ZXIyXzE1MC5wbmclMjIlMjBhbHQlM0QlMjIlMjIlM0UlM0MlMkZhJTNFJTBBJTIwJTIwJTNDJTJGZGl2JTNFJTBBJTBBJTNDJTJGZGl2JTNF[\/vc_raw_html][\/vc_column][\/vc_row]<\/p>\n","protected":false},"author":1,"featured_media":0,"parent":0,"menu_order":0,"comment_status":"closed","ping_status":"closed","template":"","meta":{"_glsr_average":0,"_glsr_ranking":0,"_glsr_reviews":0,"footnotes":""},"class_list":["post-7420","page","type-page","status-publish","hentry","singlePost singleLargePost"],"_links":{"self":[{"href":"https:\/\/lloydscorp.com\/fr\/wp-json\/wp\/v2\/pages\/7420","targetHints":{"allow":["GET"]}}],"collection":[{"href":"https:\/\/lloydscorp.com\/fr\/wp-json\/wp\/v2\/pages"}],"about":[{"href":"https:\/\/lloydscorp.com\/fr\/wp-json\/wp\/v2\/types\/page"}],"author":[{"embeddable":true,"href":"https:\/\/lloydscorp.com\/fr\/wp-json\/wp\/v2\/users\/1"}],"replies":[{"embeddable":true,"href":"https:\/\/lloydscorp.com\/fr\/wp-json\/wp\/v2\/comments?post=7420"}],"version-history":[{"count":14,"href":"https:\/\/lloydscorp.com\/fr\/wp-json\/wp\/v2\/pages\/7420\/revisions"}],"predecessor-version":[{"id":7441,"href":"https:\/\/lloydscorp.com\/fr\/wp-json\/wp\/v2\/pages\/7420\/revisions\/7441"}],"wp:attachment":[{"href":"https:\/\/lloydscorp.com\/fr\/wp-json\/wp\/v2\/media?parent=7420"}],"curies":[{"name":"wp","href":"https:\/\/api.w.org\/{rel}","templated":true}]}}