{"id":9010,"date":"2023-06-27T17:07:43","date_gmt":"2023-06-27T23:07:43","guid":{"rendered":"https:\/\/lloydscorp.com\/?page_id=9010"},"modified":"2023-07-11T12:22:10","modified_gmt":"2023-07-11T18:22:10","slug":"terminos-condiciones-concurso-express","status":"publish","type":"page","link":"https:\/\/lloydscorp.com\/fr\/terminos-condiciones-concurso-express\/","title":{"rendered":"\u00a1Concurso expr\u00e9s!"},"content":{"rendered":"<p class=\"qtranxs-available-languages-message qtranxs-available-languages-message-fr\">D\u00e9sol\u00e9, cet article est seulement disponible en <a href=\"https:\/\/lloydscorp.com\/es\/wp-json\/wp\/v2\/pages\/9010\" class=\"qtranxs-available-language-link qtranxs-available-language-link-es\" title=\"Espa\u00f1ol\">Espa\u00f1ol<\/a>.<\/p><div class=\"wpb-content-wrapper\"><p>[vc_row][vc_column][vc_single_image image=&#8221;9009&#8243; img_size=&#8221;large&#8221;][vc_column_text]<span style=\"font-weight: 400;\">Give Away, en nuestra cuenta de Instagram te regalamos un cup\u00f3n de descuento de hasta 2,000 pesos (seg\u00fan el premio ganado) en tu carrito de productos Lloyd\u2019s.\u00a0<\/span><\/p>\n<p><span style=\"font-weight: 400;\">\u00bfC\u00f3mo participar?<\/span><span style=\"font-weight: 400;\"><br \/>\n<\/span><span style=\"font-weight: 400;\">-S\u00edguenos en @lloyds._ en Instagram<\/span><span style=\"font-weight: 400;\"><br \/>\n<\/span><span style=\"font-weight: 400;\">-Dale ME GUSTA a nuestra foto del concurso\u00a0 y etiqueta a 5 usuarios de la red por cada comentario <\/span><span style=\"font-weight: 400;\"><br \/>\n<\/span><span style=\"font-weight: 400;\">-Las personas que etiquetes deben comenzar a seguirnos en nuestra cuenta de Instagram<\/span><\/p>\n<p><b>T\u00e9rminos y Condiciones\u00a0<\/b><\/p>\n<p><span style=\"font-weight: 400;\">NO ES NECESARIA UNA COMPRA O PAGO DE CUALQUIER TIPO PARA PARTICIPAR EN ESTE CONCURSO.<\/span><\/p>\n<p><span style=\"font-weight: 400;\">1.- Al momento de participar aceptan todas las reglas de la din\u00e1mica.<\/span><span style=\"font-weight: 400;\"><br \/>\n<\/span><span style=\"font-weight: 400;\">2.-El participante deber\u00e1 convertirse en seguidor de la cuenta de Instagram @lloyds._ y mencionar a cinco personas por cada comentario.<\/span><span style=\"font-weight: 400;\"><br \/>\n<\/span><span style=\"font-weight: 400;\">3.- Los comentarios permitidos para cada persona son ilimitados, pero en cada uno de ellos, se deben etiquetar a usuarios distintos. <\/span><span style=\"font-weight: 400;\"><br \/>\n<\/span><span style=\"font-weight: 400;\">4.- Los participantes deber\u00e1n ser mayores de 18 a\u00f1os para ser considerados elegibles para ganar.<\/span><span style=\"font-weight: 400;\"><br \/>\n<\/span><span style=\"font-weight: 400;\">5.- Solo participan los comentarios ingresados del mi\u00e9rcoles 28 de junio del 2023 hasta el martes 11 de julio 2023 a las 11:59 a.m. (hora de la Ciudad de M\u00e9xico).<\/span><span style=\"font-weight: 400;\"><br \/>\n<\/span><span style=\"font-weight: 400;\">6.-Todo usuario que no siga todos los pasos quedar\u00e1 autom\u00e1ticamente eliminado del concurso. Cualquier perfil que se detecte como falso o que cometa actos fraudulentos se eliminar\u00e1 del concurso.<\/span><span style=\"font-weight: 400;\"><br \/>\n<\/span><span style=\"font-weight: 400;\">7.-Los ganadores ser\u00e1n seleccionados aleatoriamente mediante un sorteo por medio de la aplicaci\u00f3n www.app-sorteos.com que se llevar\u00e1 a cabo el mi\u00e9rcoles 12 de julio de 2023 y se comunicar\u00e1 v\u00eda redes sociales ese mismo d\u00eda a las 12:00 p.m. Dicho sorteo se llevar\u00e1 a cabo tres veces, de las que se obtendr\u00e1 un ganador y un reemplazo en cada una de ellas. Los ganadores o reemplazos, obtendr\u00e1n el primer, segundo y tercer premio dependiendo del sorteo que se est\u00e9 realizando (el ganador del primer sorteo, obtendr\u00e1 el primer premio, el segundo, el segundo y as\u00ed sucesivamente).\u00a0<\/span><\/p>\n<p><span style=\"font-weight: 400;\">Los ganadores ser\u00e1n anunciados en un post del concurso en la cuenta de Instagram del organizador y deber\u00e1n indicar sus datos personales para disfrutar del premio a trav\u00e9s de un mensaje directo en la plataforma. Si para el jueves 13 de julio de 2023 a las 11:00 am no se ha tenido contacto, el ganador perder\u00e1 derecho sobre el premio y este se otorgar\u00e1 al reemplazo obtenido mediante el concurso.<\/span><\/p>\n<p><span style=\"font-weight: 400;\"><br \/>\n<\/span><span style=\"font-weight: 400;\">8.- Instagram no tiene responsabilidades en este concurso y los datos que se adquieran ser\u00e1n gestionados por nuestra empresa.<\/span><\/p>\n<p><b>ELEGIBILIDAD:<\/b><span style=\"font-weight: 400;\"> El Concurso est\u00e1 abierto a personas de cualquier nacionalidad, que tengan 18 a\u00f1os de edad o m\u00e1s en el momento de la inscripci\u00f3n y que residan exclusivamente en M\u00e9xico. Los organizadores tienen el derecho de verificar la elegibilidad de cada participante.<\/span><\/p>\n<p><b>PER\u00cdODO DEL CONCURSO:<\/b><span style=\"font-weight: 400;\"> El sorteo ser\u00e1 v\u00e1lido desde la publicaci\u00f3n de la fotograf\u00eda del concurso: mi\u00e9rcoles 28 de junio del 2023 hasta el martes 11 de julio 2023 a las 11:59 a.m. (hora de la Ciudad de M\u00e9xico).<\/span><span style=\"font-weight: 400;\"><br \/>\n<\/span><span style=\"font-weight: 400;\">Todas las participaciones deben ser recibidas durante este per\u00edodo de validez. Cualquier participaci\u00f3n recibida antes o despu\u00e9s de este per\u00edodo, no ser\u00e1 tomada en cuenta.<\/span><\/p>\n<p><b>PREMIOS: <\/b><span style=\"font-weight: 400;\">Las personas beneficiadas por el concurso, obtendr\u00e1n un cup\u00f3n intercambiable en el carrito de compras dentro de la tienda online <\/span><a href=\"http:\/\/www.store.lloydscorp.com\"><span style=\"font-weight: 400;\">www.store.lloydscorp.com<\/span><\/a><span style=\"font-weight: 400;\"> al momento de finalizar su compra. Dichos cupones solamente se podr\u00e1n aplicar una vez y luego dejar\u00e1n de funcionar. Los mismos incluyen los precios en IVA y, si el monto de los productos elegidos en el carrito de compras es menor al monto total del cup\u00f3n, el dinero restante no ser\u00e1 reembolsable ni acumulable para futuras compras.\u00a0<\/span><\/p>\n<p><span style=\"font-weight: 400;\">A partir de cada uno de los lugares obtenidos en el concurso se obtendr\u00e1 un premio distinto (cup\u00f3n), quedando la distribuci\u00f3n de la siguiente manera:\u00a0<\/span><\/p>\n<ul>\n<li style=\"font-weight: 400;\" aria-level=\"1\"><span style=\"font-weight: 400;\">Primer lugar: C\u00f3digo intercambiable en el carrito por un valor de $2,000.00 MXN\u00a0<\/span><\/li>\n<li style=\"font-weight: 400;\" aria-level=\"1\"><span style=\"font-weight: 400;\">Segundo lugar: C\u00f3digo intercambiable en el carrito por un valor de $1,500.00 MXN\u00a0<\/span><\/li>\n<li style=\"font-weight: 400;\" aria-level=\"1\"><span style=\"font-weight: 400;\">Tercer lugar: C\u00f3digo intercambiable en el carrito por un valor de $1,000.00 MXN\u00a0<\/span><\/li>\n<\/ul>\n<p><b>ANUNCIO DEL GANADOR:<\/b><span style=\"font-weight: 400;\"> El ganador ser\u00e1 notificado a trav\u00e9s de un mensaje por parte del organizador en su cuenta de Instagram @lloyds._. Se realizar\u00e1 un sorteo por medio de la aplicaci\u00f3n www.app-sorteos.com con los nombres de usuario de las participaciones registradas en el post del concurso, solo ser\u00e1n elegibles para ganar si despu\u00e9s de una revisi\u00f3n por parte del staff de redes sociales, la persona haya cumplido con las estipulaciones de la din\u00e1mica. Los gastos imprevistos y todos los dem\u00e1s gastos no mencionados espec\u00edficamente como parte del premio, como los precios finales con IVA, gastos de env\u00edo y tr\u00e1mites necesarios para redimir el premio, son responsabilidad del organizador. Todos los impuestos federales, estatales y locales que se relacionan con la recepci\u00f3n o uso del premio, son responsabilidad del organizador. El premio no es transferible. No se permite la sustituci\u00f3n, cambio o equivalente en efectivo monetario de los premios.<\/span><\/p>\n<p><span style=\"font-weight: 400;\">Lloyd\u2019s Corp se reserva el derecho de cancelar este concurso en cualquier momento y por cualquier raz\u00f3n. Tambi\u00e9n se reserva el derecho de modificar las fechas y\/o t\u00e9rminos del concurso en cualquier momento sin previo aviso.<\/span>[\/vc_column_text][\/vc_column][\/vc_row]<\/p>\n<\/div>","protected":false},"excerpt":{"rendered":"<p>D\u00e9sol\u00e9, cet article est seulement disponible en Espa\u00f1ol.[vc_row][vc_column][vc_single_image image=&#8221;9009&#8243; img_size=&#8221;large&#8221;][vc_column_text]Give Away, en nuestra cuenta de Instagram te regalamos un cup\u00f3n de descuento de hasta 2,000 pesos (seg\u00fan el premio ganado) en tu carrito de productos Lloyd\u2019s.\u00a0 \u00bfC\u00f3mo participar? -S\u00edguenos en @lloyds._ en Instagram -Dale ME GUSTA a nuestra foto del concurso\u00a0 y etiqueta a 5 [&hellip;]<\/p>\n","protected":false},"author":1,"featured_media":0,"parent":0,"menu_order":0,"comment_status":"closed","ping_status":"closed","template":"","meta":{"_glsr_average":0,"_glsr_ranking":0,"_glsr_reviews":0,"footnotes":""},"class_list":["post-9010","page","type-page","status-publish","hentry","singlePost singleLargePost"],"_links":{"self":[{"href":"https:\/\/lloydscorp.com\/fr\/wp-json\/wp\/v2\/pages\/9010","targetHints":{"allow":["GET"]}}],"collection":[{"href":"https:\/\/lloydscorp.com\/fr\/wp-json\/wp\/v2\/pages"}],"about":[{"href":"https:\/\/lloydscorp.com\/fr\/wp-json\/wp\/v2\/types\/page"}],"author":[{"embeddable":true,"href":"https:\/\/lloydscorp.com\/fr\/wp-json\/wp\/v2\/users\/1"}],"replies":[{"embeddable":true,"href":"https:\/\/lloydscorp.com\/fr\/wp-json\/wp\/v2\/comments?post=9010"}],"version-history":[{"count":6,"href":"https:\/\/lloydscorp.com\/fr\/wp-json\/wp\/v2\/pages\/9010\/revisions"}],"predecessor-version":[{"id":9135,"href":"https:\/\/lloydscorp.com\/fr\/wp-json\/wp\/v2\/pages\/9010\/revisions\/9135"}],"wp:attachment":[{"href":"https:\/\/lloydscorp.com\/fr\/wp-json\/wp\/v2\/media?parent=9010"}],"curies":[{"name":"wp","href":"https:\/\/api.w.org\/{rel}","templated":true}]}}