{"id":9566,"date":"2023-08-15T16:51:07","date_gmt":"2023-08-15T22:51:07","guid":{"rendered":"https:\/\/lloydscorp.com\/?page_id=9566"},"modified":"2023-08-15T16:51:07","modified_gmt":"2023-08-15T22:51:07","slug":"help-ea-9003-evolux","status":"publish","type":"page","link":"https:\/\/lloydscorp.com\/fr\/help-ea-9003-evolux\/","title":{"rendered":"help-ea-9000-evolux"},"content":{"rendered":"<p class=\"qtranxs-available-languages-message qtranxs-available-languages-message-fr\">D\u00e9sol\u00e9, cet article est seulement disponible en <a href=\"https:\/\/lloydscorp.com\/es\/wp-json\/wp\/v2\/pages\/9566\" class=\"qtranxs-available-language-link qtranxs-available-language-link-es\" title=\"Espa\u00f1ol\">Espa\u00f1ol<\/a> et <a href=\"https:\/\/lloydscorp.com\/en\/wp-json\/wp\/v2\/pages\/9566\" class=\"qtranxs-available-language-link qtranxs-available-language-link-en\" title=\"English\">English<\/a>.<\/p><div class=\"wpb-content-wrapper\"><p>[vc_row][vc_column][vc_single_image image=&#8221;7324&#8243; img_size=&#8221;full&#8221; alignment=&#8221;center&#8221;][\/vc_column][\/vc_row][vc_row][vc_column][vc_row_inner][vc_column_inner]<div \r\n\t        \t\t\t\tclass=\"section_title  animated None\" \r\n\t        \t\t\t\tdata-delay=\"0.2s\"\r\n\t        \t\t\t\t>\r\n                        <div \r\n                        \tstyle=\"color: #333333;\r\n\t\t\t\t\t\t\tfont-size: 40px;\r\n\t\t\t\t\t\t\ttext-align: center;\r\n\t\t\t\t\t\t\tline-height: 50px;\r\n\t\t\t\t\t\t\tfont-weight: 400;\r\n\t\t\t\t\t\t\t\"\r\n                        ><p>Foco Led inteligente<\/p>\n<\/div><\/div>[\/vc_column_inner][\/vc_row_inner][\/vc_column][\/vc_row][vc_row full_width=&#8221;stretch_row&#8221;][vc_column width=&#8221;1\/3&#8243;][vc_empty_space][\/vc_column][vc_column width=&#8221;1\/3&#8243;][vc_single_image image=&#8221;7325&#8243; img_size=&#8221;large&#8221; alignment=&#8221;center&#8221;][\/vc_column][vc_column width=&#8221;1\/3&#8243;][vc_empty_space][\/vc_column][\/vc_row][vc_row][vc_column][vc_single_image image=&#8221;7403&#8243; img_size=&#8221;large&#8221; alignment=&#8221;center&#8221; onclick=&#8221;custom_link&#8221; img_link_target=&#8221;_blank&#8221; link=&#8221;https:\/\/youtu.be\/lDtO0pcqVkg&#8221;][\/vc_column][\/vc_row][vc_row css=&#8221;.vc_custom_1657143399664{background-color: #aaaaaa !important;}&#8221;][vc_column][vc_single_image image=&#8221;7300&#8243; img_size=&#8221;800&#215;1138&#8243; alignment=&#8221;center&#8221;][vc_row_inner][vc_column_inner][vc_btn title=&#8221;Manual&#8221; style=&#8221;3d&#8221; color=&#8221;inverse&#8221; align=&#8221;center&#8221; link=&#8221;url:http%3A%2F%2Flloydscorp.com%2Fwp-content%2Fuploads%2F2022%2F07%2FGuia-Rapida_EA-9000_BilingueCURVAS.pdf|title:Manual%20Foco%20Led%20Inteligente&#8221;][\/vc_column_inner][\/vc_row_inner][\/vc_column][\/vc_row][vc_row][vc_column][vc_column_text]<b>C\u00f3mo restablecer la configuraci\u00f3n de f\u00e1brica del dispositivo<\/b><\/p>\n<p>&nbsp;<\/p>\n<p><span style=\"font-weight: 400;\">Si tienes problemas para configurar el dispositivo o si el mismo fue configurado a otra red, sigue estos pasos para restablecer los valores de f\u00e1brica:<\/span><\/p>\n<p>&nbsp;<\/p>\n<p><b>Paso 1:<\/b><\/p>\n<p><span style=\"font-weight: 400;\">Mant\u00e9n encendido el dispositivo por 5 segundos.<\/span><\/p>\n<p>&nbsp;<\/p>\n<p><b>Paso 2:<\/b><\/p>\n<p><span style=\"font-weight: 400;\">Apaga, espera 2 segundos y vuelve a encender (repite el proceso 3 veces).<\/span><\/p>\n<p>&nbsp;<\/p>\n<p><b>Paso 3:<\/b><\/p>\n<p><span style=\"font-weight: 400;\">Espera 5 segundos, la luz comenzar\u00e1 a parpadear indicando que el reinicio fue exitoso.<\/span><\/p>\n<p>&nbsp;<\/p>\n<p><b>Paso 4:<\/b><\/p>\n<p><span style=\"font-weight: 400;\">Escanea el c\u00f3digo en el interior (ubicado en la gu\u00eda r\u00e1pida) y conecta el dispositivo dentro de los 15 minutos siguientes.\u00a0<\/span><\/p>\n<p><span style=\"font-weight: 400;\">En caso de que no puedas conectarlo dentro de los 15 minutos, apaga el dispositivo y enci\u00e9ndelo nuevamente para reactivar el modo de emparejamiento.<\/span>[\/vc_column_text][\/vc_column][\/vc_row][vc_row][vc_column][vc_row_inner][vc_column_inner][vc_column_text]<b>\u00bfTe ha resultado \u00fatil?<\/b>[\/vc_column_text][\/vc_column_inner][\/vc_row_inner][\/vc_column][\/vc_row][vc_row][vc_column][vc_row_inner][vc_column_inner][vc_column_text]<b><i>\u00a1Estamos para ayudarte!<\/i><\/b><\/p>\n<p>&nbsp;<\/p>\n<p><span style=\"font-weight: 400;\">Haz clic aqu\u00ed para acceder a nuestro sitio y obtener m\u00e1s informaci\u00f3n<\/span><\/p>\n<p>[\/vc_column_text][vc_btn title=&#8221;Informaci\u00f3n&#8221; shape=&#8221;square&#8221; color=&#8221;inverse&#8221;][\/vc_column_inner][\/vc_row_inner][vc_column_text]<span style=\"font-weight: 400;\">O<\/span><\/p>\n<p><span style=\"font-weight: 400;\">Contacta a soporte<\/span>[\/vc_column_text][\/vc_column][\/vc_row][vc_row][vc_column]<div style=\"text-align: left\"><a\r\n\t        \t\t\t\thref=\"https:\/\/lloydscorp.com\/report-a-security-issue\/\"\r\n\t        \t\t\t\tclass=\"home_btn default-btn animated  hvr-shutter-out-horizontal None\"\r\n\t        \t\t\t\tdata-delay=\"0s\"\r\n\t        \t\t\t\t>Si necesitas ayuda o deseas reportar alg\u00fan problema da click aqu\u00ed <i class=\"fas fa-question-circle\"><\/i><\/a><\/div>[\/vc_column][\/vc_row]<\/p>\n<\/div>","protected":false},"excerpt":{"rendered":"<p>D\u00e9sol\u00e9, cet article est seulement disponible en Espa\u00f1ol et English.[vc_row][vc_column][vc_single_image image=&#8221;7324&#8243; img_size=&#8221;full&#8221; alignment=&#8221;center&#8221;][\/vc_column][\/vc_row][vc_row][vc_column][vc_row_inner][vc_column_inner][\/vc_column_inner][\/vc_row_inner][\/vc_column][\/vc_row][vc_row full_width=&#8221;stretch_row&#8221;][vc_column width=&#8221;1\/3&#8243;][vc_empty_space][\/vc_column][vc_column width=&#8221;1\/3&#8243;][vc_single_image image=&#8221;7325&#8243; img_size=&#8221;large&#8221; alignment=&#8221;center&#8221;][\/vc_column][vc_column width=&#8221;1\/3&#8243;][vc_empty_space][\/vc_column][\/vc_row][vc_row][vc_column][vc_single_image image=&#8221;7403&#8243; img_size=&#8221;large&#8221; alignment=&#8221;center&#8221; onclick=&#8221;custom_link&#8221; img_link_target=&#8221;_blank&#8221; link=&#8221;https:\/\/youtu.be\/lDtO0pcqVkg&#8221;][\/vc_column][\/vc_row][vc_row css=&#8221;.vc_custom_1657143399664{background-color: #aaaaaa !important;}&#8221;][vc_column][vc_single_image image=&#8221;7300&#8243; img_size=&#8221;800&#215;1138&#8243; alignment=&#8221;center&#8221;][vc_row_inner][vc_column_inner][vc_btn title=&#8221;Manual&#8221; style=&#8221;3d&#8221; color=&#8221;inverse&#8221; align=&#8221;center&#8221; link=&#8221;url:http%3A%2F%2Flloydscorp.com%2Fwp-content%2Fuploads%2F2022%2F07%2FGuia-Rapida_EA-9000_BilingueCURVAS.pdf|title:Manual%20Foco%20Led%20Inteligente&#8221;][\/vc_column_inner][\/vc_row_inner][\/vc_column][\/vc_row][vc_row][vc_column][vc_column_text]C\u00f3mo restablecer la configuraci\u00f3n de f\u00e1brica del dispositivo &nbsp; Si tienes problemas para configurar el dispositivo o si el [&hellip;]<\/p>\n","protected":false},"author":1,"featured_media":0,"parent":0,"menu_order":0,"comment_status":"closed","ping_status":"closed","template":"","meta":{"_glsr_average":0,"_glsr_ranking":0,"_glsr_reviews":0,"footnotes":""},"class_list":["post-9566","page","type-page","status-publish","hentry","singlePost singleLargePost"],"_links":{"self":[{"href":"https:\/\/lloydscorp.com\/fr\/wp-json\/wp\/v2\/pages\/9566","targetHints":{"allow":["GET"]}}],"collection":[{"href":"https:\/\/lloydscorp.com\/fr\/wp-json\/wp\/v2\/pages"}],"about":[{"href":"https:\/\/lloydscorp.com\/fr\/wp-json\/wp\/v2\/types\/page"}],"author":[{"embeddable":true,"href":"https:\/\/lloydscorp.com\/fr\/wp-json\/wp\/v2\/users\/1"}],"replies":[{"embeddable":true,"href":"https:\/\/lloydscorp.com\/fr\/wp-json\/wp\/v2\/comments?post=9566"}],"version-history":[{"count":1,"href":"https:\/\/lloydscorp.com\/fr\/wp-json\/wp\/v2\/pages\/9566\/revisions"}],"predecessor-version":[{"id":9567,"href":"https:\/\/lloydscorp.com\/fr\/wp-json\/wp\/v2\/pages\/9566\/revisions\/9567"}],"wp:attachment":[{"href":"https:\/\/lloydscorp.com\/fr\/wp-json\/wp\/v2\/media?parent=9566"}],"curies":[{"name":"wp","href":"https:\/\/api.w.org\/{rel}","templated":true}]}}